{"id":893,"date":"2026-05-04T15:34:39","date_gmt":"2026-05-04T12:34:39","guid":{"rendered":"https:\/\/pood.suksutall.ee\/?post_type=product&#038;p=893"},"modified":"2026-05-04T15:34:56","modified_gmt":"2026-05-04T12:34:56","slug":"pere-nadalavahetus-hobustega-01-08-02-08","status":"publish","type":"product","link":"https:\/\/pood.suksutall.ee\/ru\/product\/pere-nadalavahetus-hobustega-01-08-02-08\/","title":{"rendered":"Pere n\u00e4dalavahetus hobustega; 01.08-02.08"},"content":{"rendered":"<p class=\"p1\"><span class=\"s1\">Perepuhkus hobustega \u2013 1 \u00f6\u00f6 t\u00f5elist kvaliteetaega looduses!<\/span><\/p>\n<p class=\"p2\"><span class=\"s2\">Veeda meeldej\u00e4\u00e4v n\u00e4dalavahetus koos perega meie hubases ratsakompleksis. Grilliala ja k\u00f6\u00f6k on hinna sees, ning soovi korral saab sauna kasutada lisatasu eest.<\/span><\/p>\n<p class=\"p2\"><span class=\"s2\">Sauna k\u00fclastus kestab kuni 3 tundi ning saun suletakse kell 22:00.<\/span><\/p>\n<p class=\"p3\"><span class=\"s3\">Ratsutamisprogramm (valitakse kohapeal)<\/span><\/p>\n<ul class=\"ul1\">\n<li class=\"li4\"><span class=\"s2\">2 treeningut + ratsamatk,<\/span><\/li>\n<\/ul>\n<p class=\"p2\"><span class=\"s2\">v\u00f5i<\/span><\/p>\n<ul class=\"ul1\">\n<li class=\"li5\"><span class=\"s2\">1 treening + 2 ratsamatka (1 h)<\/span><\/li>\n<\/ul>\n<p class=\"p2\"><span class=\"s2\">K\u00f5ik tegevused kestavad 1 tund ning sobivad nii lastele kui t\u00e4iskasvanutele. Meie rahulikud ja h\u00e4sti \u00f5petatud hobused tagavad turvalise ja nauditava kogemuse kogu perele.<\/span><\/p>\n<p class=\"p3\"><span class=\"s3\">\ud83d\udc68\u200d\ud83d\udc69\u200d\ud83d\udc67\u200d\ud83d\udc66 Pakett sisaldab<\/span><\/p>\n<ul class=\"ul1\">\n<li class=\"li4\"><strong><span class=\"s2\">2 t\u00e4iskasvanut + 2 last kuni 14 a<\/span><\/strong><\/li>\n<li class=\"li6\"><span class=\"s2\">1 \u00f6\u00f6 majutust<\/span><\/li>\n<li class=\"li6\"><span class=\"s2\">Grilliala ja k\u00f6\u00f6k hinna sees<\/span><\/li>\n<li class=\"li5\"><span class=\"s2\">Saun lisatasu eest<\/span><\/li>\n<\/ul>\n<p class=\"p3\"><span class=\"s3\">\ud83d\udd52 Ajakava<\/span><\/p>\n<p class=\"p2\"><span class=\"s2\">Saabumine kell 12:00,<\/span><\/p>\n<p class=\"p2\"><span class=\"s2\">lahkumine kell 16:00 \u2013 piisavalt aega, et puhata, ratsutada ja nautida perega kvaliteetaega.<\/span><\/p>\n<p class=\"p2\"><span class=\"s2\">T\u00e4iuslik valik peredele, kes soovivad \u00fchendada aktiivse puhkuse, looduse ja t\u00f5elise vabaduse tunde sadulas!<\/span><\/p>","protected":false},"excerpt":{"rendered":"<p class=\"p1\"><span class=\"s1\">Hobustega n\u00e4dalavahetus:<\/span><\/p>\n<p class=\"p1\"><span class=\"s1\">Pakett sisaldab <\/span><span class=\"s2\">2 t\u00e4iskasvanut + 2 last kuni 14 a;\u00a0<\/span><\/p>\n<p class=\"p1\"><span class=\"s1\">1 \u00f6\u00f6 majutust, grilliala ja k\u00f6\u00f6k hinna sees, saun lisatasu eest, valikus 2 treeningut + ratsamatk v\u00f5i 1 treening + 2 ratsamatka (1 h), saabumine 12:00 ja lahkumine 16:00.<\/span><\/p>","protected":false},"featured_media":754,"comment_status":"closed","ping_status":"closed","template":"","meta":{"om_disable_all_campaigns":false,"inline_featured_image":false,"_monsterinsights_skip_tracking":false,"_monsterinsights_sitenote_active":false,"_monsterinsights_sitenote_note":"","_monsterinsights_sitenote_category":0,"_uf_show_specific_survey":0,"_uf_disable_surveys":false},"product_brand":[54],"product_cat":[75],"product_tag":[],"class_list":{"0":"post-893","1":"product","2":"type-product","3":"status-publish","4":"has-post-thumbnail","6":"product_brand-suksutall","7":"product_cat-perepuhkus","9":"first","10":"instock","11":"shipping-taxable","12":"purchasable","13":"product-type-variable","14":"has-default-attributes"},"aioseo_notices":[],"_links":{"self":[{"href":"https:\/\/pood.suksutall.ee\/ru\/wp-json\/wp\/v2\/product\/893","targetHints":{"allow":["GET"]}}],"collection":[{"href":"https:\/\/pood.suksutall.ee\/ru\/wp-json\/wp\/v2\/product"}],"about":[{"href":"https:\/\/pood.suksutall.ee\/ru\/wp-json\/wp\/v2\/types\/product"}],"replies":[{"embeddable":true,"href":"https:\/\/pood.suksutall.ee\/ru\/wp-json\/wp\/v2\/comments?post=893"}],"wp:featuredmedia":[{"embeddable":true,"href":"https:\/\/pood.suksutall.ee\/ru\/wp-json\/wp\/v2\/media\/754"}],"wp:attachment":[{"href":"https:\/\/pood.suksutall.ee\/ru\/wp-json\/wp\/v2\/media?parent=893"}],"wp:term":[{"taxonomy":"product_brand","embeddable":true,"href":"https:\/\/pood.suksutall.ee\/ru\/wp-json\/wp\/v2\/product_brand?post=893"},{"taxonomy":"product_cat","embeddable":true,"href":"https:\/\/pood.suksutall.ee\/ru\/wp-json\/wp\/v2\/product_cat?post=893"},{"taxonomy":"product_tag","embeddable":true,"href":"https:\/\/pood.suksutall.ee\/ru\/wp-json\/wp\/v2\/product_tag?post=893"}],"curies":[{"name":"wp","href":"https:\/\/api.w.org\/{rel}","templated":true}]}}