{"id":80,"date":"2025-03-28T10:24:27","date_gmt":"2025-03-28T10:24:27","guid":{"rendered":"https:\/\/pood.suksutall.ee\/?post_type=product&#038;p=80"},"modified":"2026-05-03T10:59:27","modified_gmt":"2026-05-03T07:59:27","slug":"maastikusoit","status":"publish","type":"product","link":"https:\/\/pood.suksutall.ee\/ru\/product\/maastikusoit\/","title":{"rendered":"\u0412\u0435\u0440\u0445\u043e\u0432\u0430\u044f \u043f\u0440\u043e\u0433\u0443\u043b\u043a\u0430"},"content":{"rendered":"<p>BRONEERIMINE TOIMUB TELEFONI TEEL <a href=\"tel:53555500\">53555500<\/a><\/p>","protected":false},"excerpt":{"rendered":"<p>Tunnete end sadulas vabalt ja kindlalt? Soovite tuhiseda p\u00e4ikese ja tuule poole, nautida v\u00e4ikest ratsamatka, kuulata linnulaulu ja hingata sisse metsa v\u00e4rsket aroomi? Maastikus\u00f5it meie rahulike ja h\u00e4sti \u00f5petatud hobustega kingib teile t\u00f5elise vabadusehetke. S\u00f5it kestab 1 tund.<\/p>","protected":false},"featured_media":86,"comment_status":"open","ping_status":"closed","template":"","meta":{"om_disable_all_campaigns":false,"inline_featured_image":false,"_monsterinsights_skip_tracking":false,"_monsterinsights_sitenote_active":false,"_monsterinsights_sitenote_note":"","_monsterinsights_sitenote_category":0,"_uf_show_specific_survey":0,"_uf_disable_surveys":false},"product_brand":[],"product_cat":[24,18],"product_tag":[],"class_list":{"0":"post-80","1":"product","2":"type-product","3":"status-publish","4":"has-post-thumbnail","6":"product_cat-broneerimine","7":"product_cat-teenused","9":"first","10":"instock","11":"virtual","12":"purchasable","13":"product-type-simple"},"aioseo_notices":[],"_links":{"self":[{"href":"https:\/\/pood.suksutall.ee\/ru\/wp-json\/wp\/v2\/product\/80","targetHints":{"allow":["GET"]}}],"collection":[{"href":"https:\/\/pood.suksutall.ee\/ru\/wp-json\/wp\/v2\/product"}],"about":[{"href":"https:\/\/pood.suksutall.ee\/ru\/wp-json\/wp\/v2\/types\/product"}],"replies":[{"embeddable":true,"href":"https:\/\/pood.suksutall.ee\/ru\/wp-json\/wp\/v2\/comments?post=80"}],"wp:featuredmedia":[{"embeddable":true,"href":"https:\/\/pood.suksutall.ee\/ru\/wp-json\/wp\/v2\/media\/86"}],"wp:attachment":[{"href":"https:\/\/pood.suksutall.ee\/ru\/wp-json\/wp\/v2\/media?parent=80"}],"wp:term":[{"taxonomy":"product_brand","embeddable":true,"href":"https:\/\/pood.suksutall.ee\/ru\/wp-json\/wp\/v2\/product_brand?post=80"},{"taxonomy":"product_cat","embeddable":true,"href":"https:\/\/pood.suksutall.ee\/ru\/wp-json\/wp\/v2\/product_cat?post=80"},{"taxonomy":"product_tag","embeddable":true,"href":"https:\/\/pood.suksutall.ee\/ru\/wp-json\/wp\/v2\/product_tag?post=80"}],"curies":[{"name":"wp","href":"https:\/\/api.w.org\/{rel}","templated":true}]}}