{"id":550,"date":"2025-11-19T10:30:56","date_gmt":"2025-11-19T08:30:56","guid":{"rendered":"https:\/\/pood.suksutall.ee\/?post_type=product&#038;p=550"},"modified":"2026-03-16T18:41:55","modified_gmt":"2026-03-16T16:41:55","slug":"ratsalaager-26-12-30-12-2025","status":"publish","type":"product","link":"https:\/\/pood.suksutall.ee\/ru\/product\/ratsalaager-26-12-30-12-2025\/","title":{"rendered":"Ratsalaager 26.12-30.12.2025"},"content":{"rendered":"<h3 style=\"font-weight: 400;\"><strong>\u0412 \u043b\u0430\u0433\u0435\u0440\u044c \u043f\u0440\u0438\u0433\u043b\u0430\u0448\u0430\u044e\u0442\u0441\u044f.<\/strong><\/h3>\n<ul>\n<li style=\"font-weight: 400;\">Vanus:\u00a0<strong>7\u201315 aastat<\/strong><\/li>\n<li style=\"font-weight: 400;\">Ootame nii algajaid kui ka kogemustega ratsutajaid<\/li>\n<li style=\"font-weight: 400;\">Programm on kohandatud kolmele vanuser\u00fchmale:<\/li>\n<\/ul>\n<p style=\"font-weight: 400;\"><strong>\u00a0\u00a0<\/strong><strong>\u2060<\/strong><strong>\u25e6<\/strong><strong>\u00a0\u00a0<\/strong>7\u20139 aastat<\/p>\n<p style=\"font-weight: 400;\"><strong>\u00a0\u00a0<\/strong><strong>\u2060<\/strong><strong>\u25e6<\/strong><strong>\u00a0\u00a0<\/strong>10\u201312 aastat<\/p>\n<p style=\"font-weight: 400;\"><strong>\u00a0\u00a0<\/strong><strong>\u2060<\/strong><strong>\u25e6<\/strong><strong>\u00a0\u00a0<\/strong>13\u201315 aastat<\/p>\n<hr \/>\n<h3 style=\"font-weight: 400;\"><strong>Hobused<\/strong><\/h3>\n<p>\u00d5ppet\u00f6\u00f6ks:\u00a0<strong>14 hobust ja 9 poni<\/strong><\/p>\n<hr \/>\n<h3 style=\"font-weight: 400;\"><strong>\u0422\u0440\u0435\u043d\u0435\u0440\u044b \u0438 \u043d\u0430\u0441\u0442\u0430\u0432\u043d\u0438\u043a\u0438.<\/strong><\/h3>\n<p style=\"font-weight: 400;\">Tegevusi koordineerib Arina Koppel meditsiinilise haridusega ratsatreener.<\/p>\n<p style=\"font-weight: 400;\"><strong>\u041f\u0440\u043e\u0436\u0438\u0432\u0430\u043d\u0438\u0435 \u0438 \u043f\u0438\u0442\u0430\u043d\u0438\u0435.<\/strong><\/p>\n<p style=\"font-weight: 400;\"><strong>P\u00e4evases ratsalaagris<\/strong>\u00a0majutust ei ole ette n\u00e4htud. 5 p\u00e4eva 9:00\u201318:00. Toitlustus: l\u00f5una + p\u00e4rastl\u00f5unane vahepala (16:00)<\/p>\n<p style=\"font-weight: 400;\"><strong>Majutusega ratsalaagris<\/strong>\u00a0&#8211; \u00f6\u00f6bimine hotellis\u00a0<em>Kiikla<\/em>\u00a0(transport hinna sees). Toad: 2- ja 3-kohalised. Mugavused: eraldi WC, du\u0161\u0161, k\u00f6\u00f6k. Toitlustus &#8211; hommikus\u00f6\u00f6k, l\u00f5una, \u00f5htus\u00f6\u00f6k + p\u00e4rastl\u00f5unane vahepala (16:00).<\/p>\n<hr \/>\n<h3 style=\"font-weight: 400;\"><strong>\u0412\u0437\u044f\u0442\u044c \u0441 \u0441\u043e\u0431\u043e\u0439.<\/strong><\/h3>\n<p style=\"font-weight: 400;\">\u041e\u0434\u0435\u0436\u0434\u0430 \u0434\u043e\u043b\u0436\u043d\u0430 \u0431\u044b\u0442\u044c \u0443\u0434\u043e\u0431\u043d\u043e\u0439 \u0438 \u0441\u043e\u043e\u0442\u0432\u0435\u0442\u0441\u0442\u0432\u043e\u0432\u0430\u0442\u044c \u043f\u043e\u0433\u043e\u0434\u043d\u044b\u043c \u0443\u0441\u043b\u043e\u0432\u0438\u044f\u043c: \u043e\u0431\u0443\u0432\u044c \u0438 \u0434\u043e\u0436\u0434\u0435\u0432\u0438\u043a. \u041d\u0435\u043e\u0431\u0445\u043e\u0434\u0438\u043c\u0430 \u043f\u043e\u0445\u043e\u0434\u043d\u0430\u044f \u043e\u0434\u0435\u0436\u0434\u0430 \u2014 \u0440\u0435\u0437\u0438\u043d\u043e\u0432\u044b\u0435 \u0441\u0430\u043f\u043e\u0433\u0438 \u0438\u043b\u0438 \u0432\u043e\u0434\u043e\u043d\u0435\u043f\u0440\u043e\u043d\u0438\u0446\u0430\u0435\u043c\u044b\u0435 \u0431\u043e\u0442\u0438\u043d\u043a\u0438. \u0413\u043e\u043b\u043e\u0432\u043d\u043e\u0439 \u0443\u0431\u043e\u0440 \u043e\u0431\u044f\u0437\u0430\u0442\u0435\u043b\u0435\u043d!<\/p>\n<p style=\"font-weight: 400;\">\u041e\u0434\u0435\u0436\u0434\u0430 \u0434\u043b\u044f \u0432\u0435\u0440\u0445\u043e\u0432\u043e\u0439 \u0435\u0437\u0434\u044b \u0434\u043e\u043b\u0436\u043d\u0430 \u0431\u044b\u0442\u044c \u0442\u0430\u043a\u043e\u0439, \u0447\u0442\u043e\u0431\u044b \u0442\u0440\u0435\u043d\u0435\u0440 \u043c\u043e\u0433 \u043d\u0430\u0431\u043b\u044e\u0434\u0430\u0442\u044c \u0437\u0430 \u043f\u043e\u0441\u0430\u0434\u043a\u043e\u0439 \u0432\u0441\u0430\u0434\u043d\u0438\u043a\u0430.<\/p>\n<p style=\"font-weight: 400;\">\u041d\u0430 \u0432\u0441\u0430\u0434\u043d\u0438\u043a\u0435 \u0434\u043e\u043b\u0436\u043d\u0430 \u0431\u044b\u0442\u044c \u043e\u0434\u0435\u0436\u0434\u0430 \u0441 \u0434\u043b\u0438\u043d\u043d\u044b\u043c\u0438 \u0440\u0443\u043a\u0430\u0432\u0430\u043c\u0438 \u0438 \u0444\u0430\u0441\u043e\u043d\u043e\u043c, \u043f\u043e\u0437\u0432\u043e\u043b\u044f\u044e\u0449\u0438\u043c \u043a\u043e\u043d\u0442\u0440\u043e\u043b\u0438\u0440\u043e\u0432\u0430\u0442\u044c \u043e\u0441\u0430\u043d\u043a\u0443: \u0440\u0443\u0431\u0430\u0448\u043a\u0430, \u0442\u043e\u043b\u0441\u0442\u043e\u0432\u043a\u0430, \u0441\u043f\u043e\u0440\u0442\u0438\u0432\u043d\u0430\u044f \u043a\u043e\u0444\u0442\u0430, \u0444\u043b\u0438\u0441, \u043a\u0443\u0440\u0442\u043a\u0430 \u0438\u043b\u0438 \u0436\u0438\u043b\u0435\u0442.<\/p>\n<p style=\"font-weight: 400;\">\u041d\u0430 \u043d\u043e\u0433\u0438 \u0436\u0435\u043b\u0430\u0442\u0435\u043b\u044c\u043d\u043e \u043d\u0430\u0434\u0435\u0442\u044c \u0431\u0440\u044e\u043a\u0438 \u0434\u043b\u044f \u0432\u0435\u0440\u0445\u043e\u0432\u043e\u0439 \u0435\u0437\u0434\u044b; \u043d\u0430 \u043d\u0430\u0447\u0430\u043b\u044c\u043d\u043e\u043c \u044d\u0442\u0430\u043f\u0435 \u043f\u043e\u0434\u043e\u0439\u0434\u0443\u0442 \u0445\u043e\u0440\u043e\u0448\u043e \u0441\u0438\u0434\u044f\u0449\u0438\u0435 \u0434\u043b\u0438\u043d\u043d\u044b\u0435 \u0431\u0440\u044e\u043a\u0438 \u0441 \u0443\u0437\u043a\u0438\u043c\u0438 \u0448\u0442\u0430\u043d\u0438\u043d\u0430\u043c\u0438, \u0438\u0437\u0433\u043e\u0442\u043e\u0432\u043b\u0435\u043d\u043d\u044b\u0435 \u0438\u0437 \u043d\u0435\u0441\u043a\u043e\u043b\u044c\u0437\u044f\u0449\u0435\u0433\u043e \u043c\u0430\u0442\u0435\u0440\u0438\u0430\u043b\u0430. \u0411\u0440\u044e\u043a\u0438 \u0434\u043b\u044f \u0432\u0435\u0440\u0445\u043e\u0432\u043e\u0439 \u0435\u0437\u0434\u044b \u043d\u0435 \u0434\u043e\u043b\u0436\u043d\u044b \u0431\u044b\u0442\u044c \u0438\u0437 \u043a\u043b\u0435\u0451\u043d\u043a\u0438, \u0441 \u0442\u043e\u043b\u0441\u0442\u044b\u043c\u0438 \u0432\u043d\u0443\u0442\u0440\u0435\u043d\u043d\u0438\u043c\u0438 \u0448\u0432\u0430\u043c\u0438 \u0438\u043b\u0438 \u0441\u043b\u0438\u0448\u043a\u043e\u043c \u0448\u0438\u0440\u043e\u043a\u0438\u043c\u0438. \u041b\u0443\u0447\u0448\u0435, \u0435\u0441\u043b\u0438 \u043e\u043d\u0438 \u0431\u0443\u0434\u0443\u0442 \u043e\u0431\u043b\u0435\u0433\u0430\u044e\u0449\u0438\u043c\u0438 \u0438\u043b\u0438 \u0441 \u0440\u0435\u0437\u0438\u043d\u043a\u043e\u0439 \u0432\u043d\u0438\u0437\u0443, \u0447\u0442\u043e\u0431\u044b \u0448\u0442\u0430\u043d\u0438\u043d\u0430 \u043d\u0435 \u0437\u0430\u0434\u0438\u0440\u0430\u043b\u0430\u0441\u044c \u0432\u043e \u0432\u0440\u0435\u043c\u044f \u0435\u0437\u0434\u044b.\n\n\u041e\u0431\u0443\u0432\u044c \u0434\u043e\u043b\u0436\u043d\u0430 \u0431\u044b\u0442\u044c \u0437\u0430\u043a\u0440\u044b\u0442\u043e\u0439, \u0436\u0435\u043b\u0430\u0442\u0435\u043b\u044c\u043d\u043e \u0441 \u043a\u0430\u0431\u043b\u0443\u043a\u043e\u043c, \u043a\u043e\u0442\u043e\u0440\u044b\u0439 \u043f\u0440\u0435\u0434\u043e\u0442\u0432\u0440\u0430\u0449\u0430\u0435\u0442 \u043f\u0440\u043e\u0441\u043a\u0430\u043b\u044c\u0437\u044b\u0432\u0430\u043d\u0438\u0435 \u043d\u043e\u0433\u0438 \u0432 \u0441\u0442\u0440\u0435\u043c\u0435\u043d\u0438. \u0423 \u0441\u0430\u043f\u043e\u0433 \u0434\u043e\u043b\u0436\u043d\u0430 \u0431\u044b\u0442\u044c \u0433\u043b\u0430\u0434\u043a\u0430\u044f \u043f\u043e\u0434\u043e\u0448\u0432\u0430, \u043a\u0430\u0431\u043b\u0443\u043a \u0432\u044b\u0441\u043e\u0442\u043e\u0439 1\u20133 \u0441\u043c, \u0433\u043e\u043b\u0435\u043d\u0438\u0449\u0435 \u2014 \u043d\u0438\u0436\u0435 \u043a\u043e\u043b\u0435\u043d\u0430, \u043b\u0438\u0431\u043e \u043a\u043e\u0440\u043e\u0442\u043a\u0438\u0435 \u0431\u043e\u0442\u0438\u043d\u043a\u0438 \u0441 \u043a\u0440\u0430\u0433\u0430\u043c\u0438. \u041f\u043e\u0432\u0435\u0440\u0445 \u0431\u0440\u044e\u043a \u043c\u043e\u0436\u043d\u043e \u043d\u0430\u0434\u0435\u0442\u044c \u0433\u043e\u043b\u044c\u0444\u044b \u0438\u043b\u0438 \u0441\u043f\u0435\u0446\u0438\u0430\u043b\u044c\u043d\u044b\u0435 \u043a\u0440\u0430\u0433\u0438, \u043a\u043e\u0442\u043e\u0440\u044b\u0435 \u043f\u043b\u043e\u0442\u043d\u043e \u0444\u0438\u043a\u0441\u0438\u0440\u0443\u044e\u0442 \u0448\u0442\u0430\u043d\u0438\u043d\u0443 \u0438 \u043f\u043e\u0437\u0432\u043e\u043b\u044f\u044e\u0442 \u043b\u0443\u0447\u0448\u0435 \u0443\u0434\u0435\u0440\u0436\u0438\u0432\u0430\u0442\u044c\u0441\u044f \u043d\u043e\u0433\u0430\u043c\u0438 \u0432 \u0441\u0435\u0434\u043b\u0435.<\/p>\n<p style=\"font-weight: 400;\">\u0415\u0441\u043b\u0438 \u0432\u0441\u0430\u0434\u043d\u0438\u043a \u043d\u043e\u0441\u0438\u0442 \u043e\u0447\u043a\u0438, \u043e\u043d\u0438 \u0434\u043e\u043b\u0436\u043d\u044b \u0431\u044b\u0442\u044c \u0437\u0430\u043a\u0440\u0435\u043f\u043b\u0435\u043d\u044b \u0440\u0435\u0437\u0438\u043d\u043a\u043e\u0439 \u0438\u043b\u0438 \u0434\u0440\u0443\u0433\u0438\u043c \u0441\u043f\u043e\u0441\u043e\u0431\u043e\u043c, \u0447\u0442\u043e\u0431\u044b \u043d\u0435 \u043c\u0435\u0448\u0430\u0442\u044c \u0432\u043e \u0432\u0440\u0435\u043c\u044f \u0437\u0430\u043d\u044f\u0442\u0438\u044f.<\/p>\n<p style=\"font-weight: 400;\">\u0412 \u0441\u043e\u043e\u0442\u0432\u0435\u0442\u0441\u0442\u0432\u0438\u0438 \u0441 \u0442\u0440\u0435\u0431\u043e\u0432\u0430\u043d\u0438\u044f\u043c\u0438 \u0431\u0435\u0437\u043e\u043f\u0430\u0441\u043d\u043e\u0441\u0442\u0438 \u043d\u0430 \u0433\u043e\u043b\u043e\u0432\u0435 \u0434\u043e\u043b\u0436\u0435\u043d \u0431\u044b\u0442\u044c \u0448\u043b\u0435\u043c. \u0418\u0437-\u043f\u043e\u0434 \u0448\u043b\u0435\u043c\u0430 \u043d\u0435 \u0434\u043e\u043b\u0436\u043d\u044b \u0432\u044b\u0431\u0438\u0432\u0430\u0442\u044c\u0441\u044f \u0440\u0430\u0441\u043f\u0443\u0449\u0435\u043d\u043d\u044b\u0435 \u0432\u043e\u043b\u043e\u0441\u044b. \u041c\u043e\u0436\u043d\u043e \u0438\u0441\u043f\u043e\u043b\u044c\u0437\u043e\u0432\u0430\u0442\u044c \u0441\u043e\u0431\u0441\u0442\u0432\u0435\u043d\u043d\u044b\u0439 \u0432\u0435\u043b\u043e\u0441\u0438\u043f\u0435\u0434\u043d\u044b\u0439 \u0448\u043b\u0435\u043c, \u0430 \u0432 \u0440\u0430\u0437\u0434\u0435\u0432\u0430\u043b\u043a\u0435 \u0438\u043c\u0435\u044e\u0442\u0441\u044f \u043e\u0431\u0449\u0438\u0435 \u0448\u043b\u0435\u043c\u044b \u0434\u043b\u044f \u0432\u0435\u0440\u0445\u043e\u0432\u043e\u0439 \u0435\u0437\u0434\u044b.<\/p>\n<p style=\"font-weight: 400;\">\u0414\u043b\u044f \u0437\u0430\u0449\u0438\u0442\u044b \u0440\u0443\u043a \u0445\u043e\u0440\u043e\u0448\u043e \u043f\u043e\u0434\u0445\u043e\u0434\u044f\u0442 \u0442\u043e\u043d\u043a\u0438\u0435 \u0440\u0430\u0431\u043e\u0447\u0438\u0435 \u043f\u0435\u0440\u0447\u0430\u0442\u043a\u0438, \u0438 \u0438\u0445 \u043c\u043e\u0436\u043d\u043e \u0432\u0437\u044f\u0442\u044c \u043d\u0435\u0441\u043a\u043e\u043b\u044c\u043a\u043e \u043f\u0430\u0440!<\/p>\n<p style=\"font-weight: 400;\"><strong>\u0414\u0435\u0442\u044f\u043c \u0440\u0435\u043a\u043e\u043c\u0435\u043d\u0434\u0443\u0435\u0442\u0441\u044f \u0438\u043c\u0435\u0442\u044c \u0441\u0442\u0440\u0430\u0445\u043e\u0432\u043a\u0443 \u0436\u0438\u0437\u043d\u0438!<\/strong><\/p>\n<hr \/>\n<h3 style=\"font-weight: 400;\"><strong><em>Programmi n\u00e4idis:<\/em><\/strong><\/h3>\n<p style=\"font-weight: 400;\"><strong>P\u00e4ev 1 \u2014 Tutvumine<\/strong><\/p>\n<p style=\"font-weight: 400;\"><strong>Teema:<\/strong>\u00a0\u201eKes on hobused ja kuidas nendega suhelda\u201c<\/p>\n<ul>\n<li style=\"font-weight: 400;\">Ps\u00fchholoogia: kehakeel, \u201eruumimull\u201c<\/li>\n<li style=\"font-weight: 400;\">Ratsutamine:<\/li>\n<\/ul>\n<p style=\"font-weight: 400;\"><strong>\u00a0\u00a0<\/strong><strong>\u2060<\/strong><strong>\u25e6<\/strong><strong>\u00a0\u00a0<\/strong>7\u20139: samm + m\u00e4ng \u201estop\u2013mine\u201c<\/p>\n<p style=\"font-weight: 400;\"><strong>\u00a0\u00a0<\/strong><strong>\u2060<\/strong><strong>\u25e6<\/strong><strong>\u00a0\u00a0<\/strong>10\u201313: samm, traav ringil<\/p>\n<p style=\"font-weight: 400;\"><strong>\u00a0\u00a0<\/strong><strong>\u2060<\/strong><strong>\u25e6<\/strong><strong>\u00a0\u00a0<\/strong>14\u201317: samm, traav, v\u00f5imalik galopp<\/p>\n<ul>\n<li style=\"font-weight: 400;\">Suhtlus: s\u00f6\u00f6tmine, silitamine, vaatlemine<\/li>\n<\/ul>\n<p style=\"font-weight: 400;\"><strong>P\u00e4ev 2 \u2014 Esimesed oskused<\/strong><\/p>\n<p style=\"font-weight: 400;\"><strong>Teema:<\/strong>\u00a0\u201eUsaldus ja liikumine\u201c<\/p>\n<ul>\n<li style=\"font-weight: 400;\">Ps\u00fchholoogia: h\u00e4\u00e4l + hingamine = m\u00f5ju<\/li>\n<li style=\"font-weight: 400;\">Ratsutamine:<\/li>\n<\/ul>\n<p style=\"font-weight: 400;\"><strong>\u00a0\u00a0<\/strong><strong>\u2060<\/strong><strong>\u25e6<\/strong><strong>\u00a0\u00a0<\/strong>7\u20139: m\u00e4nguline s\u00f5it, siksak<\/p>\n<p style=\"font-weight: 400;\"><strong>\u00a0\u00a0<\/strong><strong>\u2060<\/strong><strong>\u25e6<\/strong><strong>\u00a0\u00a0<\/strong>10\u201313: kindel traav, p\u00f6\u00f6rded<\/p>\n<p style=\"font-weight: 400;\"><strong>\u00a0\u00a0<\/strong><strong>\u2060<\/strong><strong>\u25e6<\/strong><strong>\u00a0\u00a0<\/strong>14\u201317: t\u00f6\u00f6 kehaga, painutused<\/p>\n<ul>\n<li style=\"font-weight: 400;\">Lisaoskused: harjamine, abiga valjastamine, iseseisev saduldamine<\/li>\n<\/ul>\n<p style=\"font-weight: 400;\"><strong>P\u00e4ev 3 \u2014 T\u00f6\u00f6 maast<\/strong><\/p>\n<p style=\"font-weight: 400;\"><strong>Teema:<\/strong>\u00a0\u201eAustus ilma hirmuta\u201c<\/p>\n<ul>\n<li style=\"font-weight: 400;\">Ps\u00fchholoogia: hobune on partner, mitte masin<\/li>\n<li style=\"font-weight: 400;\">Ratsutamine:<\/li>\n<\/ul>\n<p style=\"font-weight: 400;\"><strong>\u00a0\u00a0<\/strong><strong>\u2060<\/strong><strong>\u25e6<\/strong><strong>\u00a0\u00a0<\/strong>7\u20139: samm + traav k\u00e4ek\u00f5rval<\/p>\n<p style=\"font-weight: 400;\"><strong>\u00a0\u00a0<\/strong><strong>\u2060<\/strong><strong>\u25e6<\/strong><strong>\u00a0\u00a0<\/strong>10\u201313: manee\u017eit\u00f6\u00f6, kaheksad<\/p>\n<p style=\"font-weight: 400;\"><strong>\u00a0\u00a0<\/strong><strong>\u2060<\/strong><strong>\u25e6<\/strong><strong>\u00a0\u00a0<\/strong>14\u201317: keerulisemad kujundid<\/p>\n<ul>\n<li style=\"font-weight: 400;\">T\u00f6\u00f6 maast: juhtimine, kerge t\u00f6\u00f6 kordel, Natural Horsemanship\u2019i alused<\/li>\n<\/ul>\n<p style=\"font-weight: 400;\"><strong>P\u00e4ev 4 \u2014 Looduse p\u00e4ev<\/strong><\/p>\n<p style=\"font-weight: 400;\"><strong>Teema:<\/strong>\u00a0\u201eHobune maailmas, mitte manee\u017eis\u201c<\/p>\n<ul>\n<li style=\"font-weight: 400;\">Ps\u00fchholoogia: loodus aitab l\u00f5\u00f5gastuda<\/li>\n<li style=\"font-weight: 400;\">Aktiivsus:<\/li>\n<\/ul>\n<p style=\"font-weight: 400;\"><strong>\u00a0\u00a0<\/strong><strong>\u2060<\/strong><strong>\u25e6<\/strong><strong>\u00a0\u00a0<\/strong>7\u20139: jalutusk\u00e4ik sammuga, herbaarium hobustele<\/p>\n<p style=\"font-weight: 400;\"><strong>\u00a0\u00a0<\/strong><strong>\u2060<\/strong><strong>\u25e6<\/strong><strong>\u00a0\u00a0<\/strong>10\u201313: v\u00e4ike v\u00e4ljas\u00f5it (samm+traav), looduslik otsimism\u00e4ng<\/p>\n<p style=\"font-weight: 400;\"><strong>\u00a0\u00a0<\/strong><strong>\u2060<\/strong><strong>\u25e6<\/strong><strong>\u00a0\u00a0<\/strong>14\u201317: v\u00e4ljas\u00f5it \/ galopp tasemele vastavalt<\/p>\n<ul>\n<li style=\"font-weight: 400;\">\u00d5htul: looming (hobuserauad, k\u00e4ev\u00f5rud, hobuste joonistused)<\/li>\n<\/ul>\n<p style=\"font-weight: 400;\"><strong>P\u00e4ev 5 \u2014 Pidu ja kokkuv\u00f5te<\/strong><\/p>\n<p style=\"font-weight: 400;\"><strong>Teema:<\/strong>\u00a0\u201eMina olen hobuse s\u00f5ber ja hobune on minu s\u00f5ber\u201c<\/p>\n<ul>\n<li style=\"font-weight: 400;\">Ps\u00fchholoogia: t\u00e4nulikkus, oskus kuulata<\/li>\n<li style=\"font-weight: 400;\">N\u00e4idiskavad:<\/li>\n<\/ul>\n<p style=\"font-weight: 400;\"><strong>\u00a0\u00a0<\/strong><strong>\u2060<\/strong><strong>\u25e6<\/strong><strong>\u00a0\u00a0<\/strong>7\u20139: paraad, siksak, \u201ep\u00fc\u00fca lint\u201c<\/p>\n<p style=\"font-weight: 400;\"><strong>\u00a0\u00a0<\/strong><strong>\u2060<\/strong><strong>\u25e6<\/strong><strong>\u00a0\u00a0<\/strong>10\u201313: slaalom, t\u00e4pne juhtimine<\/p>\n<p style=\"font-weight: 400;\"><strong>\u00a0\u00a0<\/strong><strong>\u2060<\/strong><strong>\u25e6<\/strong><strong>\u00a0\u00a0<\/strong>14\u201317: mini-koolis\u00f5it, cavaletti, kompositsioon<\/p>\n<ul>\n<li style=\"font-weight: 400;\">Pidulikud elemendid: diplomid, \u00f5unad, fotod hobustega, isiklikud autasud<\/li>\n<li style=\"font-weight: 400;\">\u00d5htul: \u00fchine l\u00f5ke \u2014 jutud, naer, kogemuste jagamine<\/li>\n<\/ul>\n<h3 style=\"font-weight: 400;\"><strong><a href=\"https:\/\/pood.suksutall.ee\/ru\/%d0%b7%d0%b8%d0%bc%d0%bd%d0%b8%d0%b5-%d1%81%d0%bc%d0%b5%d0%bd%d1%8b-%d0%bb%d0%b0%d0%b3%d0%b5%d1%80%d1%8f-2025-2026\/\">\u041d\u0430 \u0440\u0443\u0441\u0441\u043a\u043e\u043c &#8211; \u0417\u0438\u043c\u043d\u0438\u0439 \u043b\u0430\u0433\u0435\u0440\u044c Suksutall Rider<\/a><\/strong><\/h3>","protected":false},"excerpt":{"rendered":"<p><strong>\u0412 \u043b\u0430\u0433\u0435\u0440\u044c \u043f\u0440\u0438\u0433\u043b\u0430\u0448\u0430\u044e\u0442\u0441\u044f. <\/strong>lapsed vanuses 7-15 aastat, p\u00e4ris algajad ja v\u00e4hese kogemusega<\/p>\n<div>\n<p>Vahetus laagris kestab 5 p\u00e4eva.<\/p>\n<p><b>T\u00e4iendavat infot leiate allpool tootekirjeldusest.<\/b><\/p>\n<\/div>","protected":false},"featured_media":531,"comment_status":"closed","ping_status":"closed","template":"","meta":{"om_disable_all_campaigns":false,"inline_featured_image":false,"_monsterinsights_skip_tracking":false,"_monsterinsights_sitenote_active":false,"_monsterinsights_sitenote_note":"","_monsterinsights_sitenote_category":0,"_uf_show_specific_survey":0,"_uf_disable_surveys":false},"product_brand":[55,54],"product_cat":[43],"product_tag":[],"class_list":{"0":"post-550","1":"product","2":"type-product","3":"status-publish","4":"has-post-thumbnail","6":"product_brand-ratsakool-rider","7":"product_brand-suksutall","8":"product_cat-ratsalaager","10":"first","11":"outofstock","12":"featured","13":"sold-individually","14":"shipping-taxable","15":"purchasable","16":"product-type-variable","17":"has-default-attributes"},"aioseo_notices":[],"_links":{"self":[{"href":"https:\/\/pood.suksutall.ee\/ru\/wp-json\/wp\/v2\/product\/550","targetHints":{"allow":["GET"]}}],"collection":[{"href":"https:\/\/pood.suksutall.ee\/ru\/wp-json\/wp\/v2\/product"}],"about":[{"href":"https:\/\/pood.suksutall.ee\/ru\/wp-json\/wp\/v2\/types\/product"}],"replies":[{"embeddable":true,"href":"https:\/\/pood.suksutall.ee\/ru\/wp-json\/wp\/v2\/comments?post=550"}],"wp:featuredmedia":[{"embeddable":true,"href":"https:\/\/pood.suksutall.ee\/ru\/wp-json\/wp\/v2\/media\/531"}],"wp:attachment":[{"href":"https:\/\/pood.suksutall.ee\/ru\/wp-json\/wp\/v2\/media?parent=550"}],"wp:term":[{"taxonomy":"product_brand","embeddable":true,"href":"https:\/\/pood.suksutall.ee\/ru\/wp-json\/wp\/v2\/product_brand?post=550"},{"taxonomy":"product_cat","embeddable":true,"href":"https:\/\/pood.suksutall.ee\/ru\/wp-json\/wp\/v2\/product_cat?post=550"},{"taxonomy":"product_tag","embeddable":true,"href":"https:\/\/pood.suksutall.ee\/ru\/wp-json\/wp\/v2\/product_tag?post=550"}],"curies":[{"name":"wp","href":"https:\/\/api.w.org\/{rel}","templated":true}]}}