{"id":204,"date":"2025-03-29T22:41:40","date_gmt":"2025-03-29T20:41:40","guid":{"rendered":"https:\/\/pood.suksutall.ee\/?post_type=product&#038;p=204"},"modified":"2026-05-04T14:47:03","modified_gmt":"2026-05-04T11:47:03","slug":"ponisoit-talli-piirkonnas","status":"publish","type":"product","link":"https:\/\/pood.suksutall.ee\/ru\/product\/ponisoit-talli-piirkonnas\/","title":{"rendered":"\u041a\u0430\u0442\u0430\u043d\u0438\u0435 \u043d\u0430 \u043f\u043e\u043d\u0438"},"content":{"rendered":"<p>\u041a\u0440\u043e\u043c\u0435 \u043b\u043e\u0448\u0430\u0434\u0435\u0439, \u0434\u0435\u0442\u0435\u0439 \u0438 \u0432\u0437\u0440\u043e\u0441\u043b\u044b\u0445 \u0440\u0430\u0434\u0443\u044e\u0442 \u043c\u0438\u043b\u044b\u0435 \u043f\u0443\u0448\u0438\u0441\u0442\u044b\u0435 \u043f\u043e\u043d\u0438 \u0432\u0441\u0435\u0445 \u0440\u0430\u0437\u043c\u0435\u0440\u043e\u0432 \u0438 \u0446\u0432\u0435\u0442\u043e\u0432.<\/p>\n<p>V\u00e4ikese kasvu poolest on ponid sobilikud ka v\u00e4ga v\u00e4ikestele ratsutamishuvilistele.<\/p>","protected":false},"excerpt":{"rendered":"<p>\u041a\u0440\u043e\u043c\u0435 \u043b\u043e\u0448\u0430\u0434\u0435\u0439, \u0434\u0435\u0442\u0435\u0439 \u0438 \u0432\u0437\u0440\u043e\u0441\u043b\u044b\u0445 \u0440\u0430\u0434\u0443\u044e\u0442 \u043c\u0438\u043b\u044b\u0435 \u043f\u0443\u0448\u0438\u0441\u0442\u044b\u0435 \u043f\u043e\u043d\u0438 \u0432\u0441\u0435\u0445 \u0440\u0430\u0437\u043c\u0435\u0440\u043e\u0432 \u0438 \u0446\u0432\u0435\u0442\u043e\u0432.<\/p>\n<p>V\u00e4ikese kasvu poolest on ponid sobilikud ka v\u00e4ga v\u00e4ikestele ratsutamishuvilistele.<\/p>\n<p>S\u00f5it kestab 30 min. Aja broneerimime telefoni teel 53555500<\/p>","protected":false},"featured_media":205,"comment_status":"open","ping_status":"closed","template":"","meta":{"om_disable_all_campaigns":false,"inline_featured_image":false,"_monsterinsights_skip_tracking":false,"_monsterinsights_sitenote_active":false,"_monsterinsights_sitenote_note":"","_monsterinsights_sitenote_category":0,"_uf_show_specific_survey":0,"_uf_disable_surveys":false},"product_brand":[54],"product_cat":[76,18],"product_tag":[],"class_list":{"0":"post-204","1":"product","2":"type-product","3":"status-publish","4":"has-post-thumbnail","6":"product_brand-suksutall","7":"product_cat-ratsutamine","8":"product_cat-teenused","10":"first","11":"instock","12":"virtual","13":"purchasable","14":"product-type-simple"},"aioseo_notices":[],"_links":{"self":[{"href":"https:\/\/pood.suksutall.ee\/ru\/wp-json\/wp\/v2\/product\/204","targetHints":{"allow":["GET"]}}],"collection":[{"href":"https:\/\/pood.suksutall.ee\/ru\/wp-json\/wp\/v2\/product"}],"about":[{"href":"https:\/\/pood.suksutall.ee\/ru\/wp-json\/wp\/v2\/types\/product"}],"replies":[{"embeddable":true,"href":"https:\/\/pood.suksutall.ee\/ru\/wp-json\/wp\/v2\/comments?post=204"}],"wp:featuredmedia":[{"embeddable":true,"href":"https:\/\/pood.suksutall.ee\/ru\/wp-json\/wp\/v2\/media\/205"}],"wp:attachment":[{"href":"https:\/\/pood.suksutall.ee\/ru\/wp-json\/wp\/v2\/media?parent=204"}],"wp:term":[{"taxonomy":"product_brand","embeddable":true,"href":"https:\/\/pood.suksutall.ee\/ru\/wp-json\/wp\/v2\/product_brand?post=204"},{"taxonomy":"product_cat","embeddable":true,"href":"https:\/\/pood.suksutall.ee\/ru\/wp-json\/wp\/v2\/product_cat?post=204"},{"taxonomy":"product_tag","embeddable":true,"href":"https:\/\/pood.suksutall.ee\/ru\/wp-json\/wp\/v2\/product_tag?post=204"}],"curies":[{"name":"wp","href":"https:\/\/api.w.org\/{rel}","templated":true}]}}