{"id":197,"date":"2025-03-29T22:06:54","date_gmt":"2025-03-29T20:06:54","guid":{"rendered":"https:\/\/pood.suksutall.ee\/?post_type=product&#038;p=197"},"modified":"2026-05-04T14:45:49","modified_gmt":"2026-05-04T11:45:49","slug":"ratsutamisne-platsil","status":"publish","type":"product","link":"https:\/\/pood.suksutall.ee\/ru\/product\/ratsutamisne-platsil\/","title":{"rendered":"\u0422\u0440\u0435\u043d\u0438\u0440\u043e\u0432\u043a\u0430 \u0432 \u043c\u0430\u043d\u0435\u0436\u0435"},"content":{"rendered":"<p>Ratsutamine on huvitav ajaviide, mis m\u00f5jub h\u00e4sti tervisele, on p\u00f5nev ja toob palju positiivseid emotsioone.<\/p>\n<p>Tunnid toimuvad Vitsiku k\u00fclas Kohtla-J\u00e4rve linna l\u00e4hedal, umbes 10 km. Ratsutamise programm on koostatud arvestades klientide soove ja nende v\u00e4lja\u00f5ppe taset ning v\u00f5imalusi.<\/p>\n<p>Aja broneerimime telefoni teel 53555500<\/p>","protected":false},"excerpt":{"rendered":"<p>Ratsutamine on huvitav ajaviide, mis m\u00f5jub h\u00e4sti tervisele, on p\u00f5nev ja toob palju positiivseid emotsioone.<\/p>\n<p>Tunnid toimuvad Vitsiku k\u00fclas Kohtla-J\u00e4rve linna l\u00e4hedal, umbes 10 km. Ratsutamise programm on koostatud arvestades klientide soove ja nende v\u00e4lja\u00f5ppe taset ning v\u00f5imalusi. Aja broneerimime telefoni teel 53555500<\/p>","protected":false},"featured_media":198,"comment_status":"open","ping_status":"closed","template":"","meta":{"om_disable_all_campaigns":false,"inline_featured_image":false,"_monsterinsights_skip_tracking":false,"_monsterinsights_sitenote_active":false,"_monsterinsights_sitenote_note":"","_monsterinsights_sitenote_category":0,"_uf_show_specific_survey":0,"_uf_disable_surveys":false},"product_brand":[],"product_cat":[76,18],"product_tag":[],"class_list":{"0":"post-197","1":"product","2":"type-product","3":"status-publish","4":"has-post-thumbnail","6":"product_cat-ratsutamine","7":"product_cat-teenused","9":"first","10":"instock","11":"virtual","12":"purchasable","13":"product-type-simple"},"aioseo_notices":[],"_links":{"self":[{"href":"https:\/\/pood.suksutall.ee\/ru\/wp-json\/wp\/v2\/product\/197","targetHints":{"allow":["GET"]}}],"collection":[{"href":"https:\/\/pood.suksutall.ee\/ru\/wp-json\/wp\/v2\/product"}],"about":[{"href":"https:\/\/pood.suksutall.ee\/ru\/wp-json\/wp\/v2\/types\/product"}],"replies":[{"embeddable":true,"href":"https:\/\/pood.suksutall.ee\/ru\/wp-json\/wp\/v2\/comments?post=197"}],"wp:featuredmedia":[{"embeddable":true,"href":"https:\/\/pood.suksutall.ee\/ru\/wp-json\/wp\/v2\/media\/198"}],"wp:attachment":[{"href":"https:\/\/pood.suksutall.ee\/ru\/wp-json\/wp\/v2\/media?parent=197"}],"wp:term":[{"taxonomy":"product_brand","embeddable":true,"href":"https:\/\/pood.suksutall.ee\/ru\/wp-json\/wp\/v2\/product_brand?post=197"},{"taxonomy":"product_cat","embeddable":true,"href":"https:\/\/pood.suksutall.ee\/ru\/wp-json\/wp\/v2\/product_cat?post=197"},{"taxonomy":"product_tag","embeddable":true,"href":"https:\/\/pood.suksutall.ee\/ru\/wp-json\/wp\/v2\/product_tag?post=197"}],"curies":[{"name":"wp","href":"https:\/\/api.w.org\/{rel}","templated":true}]}}