{"id":371,"date":"2025-04-14T20:40:55","date_gmt":"2025-04-14T17:40:55","guid":{"rendered":"https:\/\/pood.suksutall.ee\/?page_id=371"},"modified":"2026-03-16T18:17:40","modified_gmt":"2026-03-16T16:17:40","slug":"hinnaparing","status":"publish","type":"page","link":"https:\/\/pood.suksutall.ee\/ru\/hinnaparing\/","title":{"rendered":"\u0426\u0435\u043d\u043e\u0432\u043e\u0439 \u0437\u0430\u043f\u0440\u043e\u0441"},"content":{"rendered":"\n<div class=\"wp-block-group alignfull has-tertiary-background-color has-background has-global-padding is-layout-constrained wp-container-core-group-is-layout-fb85e995 wp-block-group-is-layout-constrained\" style=\"margin-top:0;margin-bottom:0;padding-top:var(--wp--preset--spacing--60);padding-right:var(--wp--preset--spacing--30);padding-bottom:var(--wp--preset--spacing--60);padding-left:var(--wp--preset--spacing--30)\">\n<div class=\"wp-block-columns alignwide are-vertically-aligned-top is-layout-flex wp-container-core-columns-is-layout-47c06fe3 wp-block-columns-is-layout-flex\">\n<div class=\"wp-block-column is-vertically-aligned-top is-layout-flow wp-block-column-is-layout-flow\" style=\"flex-basis:55%\">\n<h2 class=\"wp-block-heading has-large-font-size\">K\u00fcsige kiirelt ja mugavalt oma hinnapakkumist<\/h2>\n<\/div>\n\n\n\n<div class=\"wp-block-column is-vertically-aligned-top is-layout-flow wp-block-column-is-layout-flow\">\n<div class=\"wp-block-group has-background-background-color has-background has-global-padding is-layout-constrained wp-container-core-group-is-layout-2b3d6dce wp-block-group-is-layout-constrained\" style=\"border-radius:4px;padding-top:var(--wp--preset--spacing--30);padding-right:var(--wp--preset--spacing--30);padding-bottom:var(--wp--preset--spacing--30);padding-left:var(--wp--preset--spacing--30)\">\n<div class=\"wp-block-group is-nowrap is-layout-flex wp-container-core-group-is-layout-509d8e3e wp-block-group-is-layout-flex\">\n<div class=\"wp-block-group has-global-padding is-layout-constrained wp-container-core-group-is-layout-83c0fa7c wp-block-group-is-layout-constrained\">\n<figure class=\"wp-block-image size-large wp-duotone-primary-foreground\"><img decoding=\"async\" src=\"data:image\/svg+xml;base64,PHN2ZyB4bWxucz0iaHR0cDovL3d3dy53My5vcmcvMjAwMC9zdmciIHdpZHRoPSI0OCIgaGVpZ2h0PSI0OCIgZmlsbD0ibm9uZSIgdmlld0JveD0iMCAwIDQ4IDQ4Ij48bWFzayBpZD0iYSIgd2lkdGg9IjQ4IiBoZWlnaHQ9IjQ4IiB4PSIwIiB5PSIwIiBtYXNrVW5pdHM9InVzZXJTcGFjZU9uVXNlIiBzdHlsZT0ibWFzay10eXBlOmFscGhhIj48cGF0aCBmaWxsPSIjRDlEOUQ5IiBkPSJNMCAwaDQ4djQ4SDB6Ii8+PC9tYXNrPjxnIG1hc2s9InVybCgjYSkiPjxwYXRoIGZpbGw9IiMxQzFCMUYiIGQ9Ik0yNC4wMDUgMjMuNWEzLjM2IDMuMzYgMCAwIDAgMi40Ny0xLjAzIDMuMzgyIDMuMzgyIDAgMCAwIDEuMDI1LTIuNDc0IDMuMzYgMy4zNiAwIDAgMC0xLjAzLTIuNDcxIDMuMzgyIDMuMzgyIDAgMCAwLTIuNDc0LTEuMDI1IDMuMzYgMy4zNiAwIDAgMC0yLjQ3MSAxLjAzIDMuMzgyIDMuMzgyIDAgMCAwLTEuMDI1IDIuNDc0IDMuMzYgMy4zNiAwIDAgMCAxLjAzIDIuNDcxIDMuMzgyIDMuMzgyIDAgMCAwIDIuNDc0IDEuMDI1Wk0yNCA0MC4wNWM0LjQzMy00LjAzMyA3LjcwOC03LjY5MiA5LjgyNS0xMC45NzVDMzUuOTQyIDI1Ljc5MiAzNyAyMi45IDM3IDIwLjRjMC0zLjkyNi0xLjI1NS03LjE0MS0zLjc2NC05LjY0NUMzMC43MjYgOC4yNTIgMjcuNjQ3IDcgMjQgN2MtMy42NDcgMC02LjcyNiAxLjI1Mi05LjIzNiAzLjc1NUMxMi4yNTUgMTMuMjU5IDExIDE2LjQ3NCAxMSAyMC40YzAgMi41IDEuMDgzIDUuMzkyIDMuMjUgOC42NzUgMi4xNjcgMy4yODMgNS40MTcgNi45NDIgOS43NSAxMC45NzVaTTI0IDQ0Yy01LjM2Ny00LjU2Ny05LjM3NS04LjgwOC0xMi4wMjUtMTIuNzI1QzkuMzI1IDI3LjM1OCA4IDIzLjczMyA4IDIwLjRjMC01IDEuNjA4LTguOTgzIDQuODI1LTExLjk1QzE2LjA0MiA1LjQ4MyAxOS43NjcgNCAyNCA0YzQuMjMzIDAgNy45NTggMS40ODMgMTEuMTc1IDQuNDVDMzguMzkyIDExLjQxNyA0MCAxNS40IDQwIDIwLjRjMCAzLjMzMy0xLjMyNSA2Ljk1OC0zLjk3NSAxMC44NzVDMzMuMzc1IDM1LjE5MiAyOS4zNjcgMzkuNDMzIDI0IDQ0WiIvPjwvZz48L3N2Zz4=\" alt=\"\"\/><\/figure>\n<\/div>\n\n\n\n<p class=\"has-text-align-center\">Suksu, Vitsiku k\u00fcle, Toila vald 30507<\/p>\n<\/div>\n\n\n\n<div class=\"wp-block-group is-nowrap is-layout-flex wp-container-core-group-is-layout-509d8e3e wp-block-group-is-layout-flex\">\n<div class=\"wp-block-group has-global-padding is-layout-constrained wp-container-core-group-is-layout-83c0fa7c wp-block-group-is-layout-constrained\">\n<figure class=\"wp-block-image size-large wp-duotone-primary-foreground\"><img decoding=\"async\" src=\"data:image\/svg+xml;base64,PHN2ZyB4bWxucz0iaHR0cDovL3d3dy53My5vcmcvMjAwMC9zdmciIHdpZHRoPSI0OCIgaGVpZ2h0PSI0OCIgZmlsbD0ibm9uZSIgdmlld0JveD0iMCAwIDQ4IDQ4Ij48bWFzayBpZD0iYSIgd2lkdGg9IjQ4IiBoZWlnaHQ9IjQ4IiB4PSIwIiB5PSIwIiBtYXNrVW5pdHM9InVzZXJTcGFjZU9uVXNlIiBzdHlsZT0ibWFzay10eXBlOmFscGhhIj48cGF0aCBmaWxsPSIjRDlEOUQ5IiBkPSJNMCAwaDQ4djQ4SDB6Ii8+PC9tYXNrPjxnIG1hc2s9InVybCgjYSkiPjxwYXRoIGZpbGw9IiMxQzFCMUYiIGQ9Ik0zOS43NSA0MmMtMy44NjcgMC03LjgwOC0uOTMzLTExLjgyNS0yLjgtNC4wMTctMS44NjctNy43NDItNC41MTctMTEuMTc1LTcuOTUtMy40MzMtMy40MzMtNi4wODMtNy4xNTgtNy45NS0xMS4xNzVTNiAxMi4xMTcgNiA4LjI1YzAtLjY0My4yMTQtMS4xNzkuNjQzLTEuNjA3QzcuMDcxIDYuMjE0IDcuNjA3IDYgOC4yNSA2aDdjLjQ2NyAwIC44NjcuMTY3IDEuMi41LjMzMy4zMzMuNTY3Ljc1LjcgMS4yNWwxLjM0NyA2LjI4MmMuMDY5LjQ3OS4wNjEuOTEtLjAyMiAxLjI5M2ExLjk1MyAxLjk1MyAwIDAgMS0uNTM3Ljk4NkwxMi45NSAyMS4zNWE0MS44MDQgNDEuODA0IDAgMCAwIDIuNzUgNC4xIDMyLjUyMiAzMi41MjIgMCAwIDAgMy4yIDMuNiAzNi4zNDggMzYuMzQ4IDAgMCAwIDMuOSAzLjQ3NSAzMC45NzQgMzAuOTc0IDAgMCAwIDQuMyAyLjc3NWw0Ljc1LTQuOWMuMzMzLS4zNjcuNzItLjYxNyAxLjE1Ny0uNzUuNDM5LS4xMzMuODctLjE2NyAxLjI5My0uMWw1Ljk1IDEuM2MuNS4xMzMuOTE3LjQgMS4yNS44MDIuMzMzLjQwMi41Ljg1MS41IDEuMzQ4djYuNzVjMCAuNjQzLS4yMTQgMS4xNzktLjY0MyAxLjYwNy0uNDI4LjQyOS0uOTY0LjY0My0xLjYwNy42NDNabS0yOC4zLTIzLjQgNC4wNS00LjFMMTQuMzUgOUg5Yy4wNjcgMS40LjI5MiAyLjg3NS42NzUgNC40MjUuMzgzIDEuNTUuOTc1IDMuMjc1IDEuNzc1IDUuMTc1Wk0yOS45IDM2Ljc1YTI0Ljk2IDI0Ljk2IDAgMCAwIDQuNDUgMS41NWMxLjYuNCAzLjE1LjYzMyA0LjY1Ljd2LTUuMzVsLTUuMTUtMS4wNS0zLjk1IDQuMTVaIi8+PC9nPjwvc3ZnPg==\" alt=\"\"\/><\/figure>\n<\/div>\n\n\n\n<p class=\"has-text-align-center\">+372-53555500<\/p>\n<\/div>\n\n\n\n<div class=\"wp-block-group is-nowrap is-layout-flex wp-container-core-group-is-layout-509d8e3e wp-block-group-is-layout-flex\">\n<div class=\"wp-block-group has-global-padding is-layout-constrained wp-container-core-group-is-layout-83c0fa7c wp-block-group-is-layout-constrained\">\n<figure class=\"wp-block-image size-large wp-duotone-primary-foreground\"><img decoding=\"async\" src=\"data:image\/svg+xml;base64,PHN2ZyB4bWxucz0iaHR0cDovL3d3dy53My5vcmcvMjAwMC9zdmciIHdpZHRoPSI0OCIgaGVpZ2h0PSI0OCIgZmlsbD0ibm9uZSIgdmlld0JveD0iMCAwIDQ4IDQ4Ij48bWFzayBpZD0iYSIgd2lkdGg9IjQ4IiBoZWlnaHQ9IjQ4IiB4PSIwIiB5PSIwIiBtYXNrVW5pdHM9InVzZXJTcGFjZU9uVXNlIiBzdHlsZT0ibWFzay10eXBlOmFscGhhIj48cGF0aCBmaWxsPSIjRDlEOUQ5IiBkPSJNMCAwaDQ4djQ4SDB6Ii8+PC9tYXNrPjxnIG1hc2s9InVybCgjYSkiPjxwYXRoIGZpbGw9IiMxQzFCMUYiIGQ9Ik03IDQwYy0uOCAwLTEuNS0uMy0yLjEtLjktLjYtLjYtLjktMS4zLS45LTIuMVYxMWMwLS44LjMtMS41LjktMi4xQzUuNSA4LjMgNi4yIDggNyA4aDM0Yy44IDAgMS41LjMgMi4xLjkuNi42LjkgMS4zLjkgMi4xdjI2YzAgLjgtLjMgMS41LS45IDIuMS0uNi42LTEuMy45LTIuMS45SDdabTE3LTE1LjFMNyAxMy43NVYzN2gzNFYxMy43NUwyNCAyNC45Wm0wLTNMNDAuOCAxMUg3LjI1TDI0IDIxLjlaTTcgMTMuNzVWMTF2MjYtMjMuMjVaIi8+PC9nPjwvc3ZnPg==\" alt=\"\"\/><\/figure>\n<\/div>\n\n\n\n<p class=\"has-text-align-center\">info@suksutalli.ee<\/p>\n<\/div>\n<\/div>\n<\/div>\n<\/div>\n\n\n\n<div class=\"wp-block-cover alignwide is-light\"><img decoding=\"async\" class=\"wp-block-cover__image-background wp-image-372\" alt=\"\" src=\"https:\/\/pood.suksutall.ee\/wp-content\/uploads\/2025\/04\/3643.jpg\" data-object-fit=\"cover\"\/><span aria-hidden=\"true\" class=\"wp-block-cover__background has-background-dim-0 has-background-dim\" style=\"background-color:#8399b8\"><\/span><div class=\"wp-block-cover__inner-container is-layout-flow wp-block-cover-is-layout-flow\">\n<div style=\"height:380px\" aria-hidden=\"true\" class=\"wp-block-spacer\"><\/div>\n<\/div><\/div>\n<\/div>\n\n\n\n<div class=\"wp-block-group alignfull has-background-background-color has-background has-global-padding is-layout-constrained wp-container-core-group-is-layout-7276a2bb wp-block-group-is-layout-constrained\" style=\"margin-top:0;margin-bottom:0;padding-top:var(--wp--preset--spacing--60);padding-right:var(--wp--preset--spacing--30);padding-bottom:var(--wp--preset--spacing--60);padding-left:var(--wp--preset--spacing--30)\">\n<div class=\"wp-block-columns alignwide is-layout-flex wp-container-core-columns-is-layout-fa584acd wp-block-columns-is-layout-flex\">\n<div class=\"wp-block-column is-layout-flow wp-block-column-is-layout-flow\" style=\"flex-basis:70%\">\n<div class=\"wp-block-group has-global-padding is-layout-constrained wp-block-group-is-layout-constrained\" style=\"margin-bottom:var(--wp--preset--spacing--40)\">\n<h2 class=\"wp-block-heading has-large-font-size\">Hinnap\u00e4ringu vorm<\/h2>\n<\/div>\n\n\n<div class=\"wpforms-container wpforms-block wpforms-block-9afe8130-2d97-4b16-9810-df903f92a81c wpforms-render-modern\" id=\"wpforms-365\"><form id=\"wpforms-form-365\" class=\"wpforms-validate wpforms-form wpforms-ajax-form\" data-formid=\"365\" method=\"post\" enctype=\"multipart\/form-data\" action=\"\/ru\/wp-json\/wp\/v2\/pages\/371\" data-token=\"c9640821e93fed6883a03317caa802b2\" data-token-time=\"1778844548\"><noscript class=\"wpforms-error-noscript\">\u0414\u043b\u044f \u0437\u0430\u043f\u043e\u043b\u043d\u0435\u043d\u0438\u044f \u0434\u0430\u043d\u043d\u043e\u0439 \u0444\u043e\u0440\u043c\u044b \u0432\u043a\u043b\u044e\u0447\u0438\u0442\u0435 JavaScript \u0432 \u0431\u0440\u0430\u0443\u0437\u0435\u0440\u0435.<\/noscript><div id=\"wpforms-error-noscript\" style=\"display: none;\">\u0414\u043b\u044f \u0437\u0430\u043f\u043e\u043b\u043d\u0435\u043d\u0438\u044f \u0434\u0430\u043d\u043d\u043e\u0439 \u0444\u043e\u0440\u043c\u044b \u0432\u043a\u043b\u044e\u0447\u0438\u0442\u0435 JavaScript \u0432 \u0431\u0440\u0430\u0443\u0437\u0435\u0440\u0435.<\/div><div class=\"wpforms-field-container\"><div id=\"wpforms-365-field_1-container\" class=\"wpforms-field wpforms-field-name\" data-field-id=\"1\"><fieldset><legend class=\"wpforms-field-label\">Kontaktisik <span class=\"wpforms-required-label\" aria-hidden=\"true\">*<\/span><\/legend><div class=\"wpforms-field-row wpforms-field-medium\"><div class=\"wpforms-field-row-block wpforms-first wpforms-one-half\"><input type=\"text\" id=\"wpforms-365-field_1\" class=\"wpforms-field-name-first wpforms-field-required\" name=\"wpforms[fields][1][first]\" placeholder=\"Eesnimi\" aria-errormessage=\"wpforms-365-field_1-error\" required><label for=\"wpforms-365-field_1\" class=\"wpforms-field-sublabel after wpforms-sublabel-hide\">\u0418\u043c\u044f<\/label><\/div><div class=\"wpforms-field-row-block wpforms-one-half\"><input type=\"text\" id=\"wpforms-365-field_1-last\" class=\"wpforms-field-name-last wpforms-field-required\" name=\"wpforms[fields][1][last]\" placeholder=\"Perekonnanimi\" aria-errormessage=\"wpforms-365-field_1-last-error\" required><label for=\"wpforms-365-field_1-last\" class=\"wpforms-field-sublabel after wpforms-sublabel-hide\">\u0424\u0430\u043c\u0438\u043b\u0438\u044f<\/label><\/div><\/div><\/fieldset><\/div><div id=\"wpforms-365-field_11-container\" class=\"wpforms-field wpforms-field-text\" data-field-id=\"11\"><label class=\"wpforms-field-label\" for=\"wpforms-365-field_11\">Kontaktisiku Telefon <span class=\"wpforms-required-label\" aria-hidden=\"true\">*<\/span><\/label><input type=\"text\" id=\"wpforms-365-field_11\" class=\"wpforms-field-medium wpforms-field-required\" name=\"wpforms[fields][11]\" aria-errormessage=\"wpforms-365-field_11-error\" required><\/div><div id=\"wpforms-365-field_9-container\" class=\"wpforms-field wpforms-field-text\" data-field-id=\"9\"><label class=\"wpforms-field-label\" for=\"wpforms-365-field_9\">Hinnapakkumise saaja e-posti aadress <span class=\"wpforms-required-label\" aria-hidden=\"true\">*<\/span><\/label><input type=\"text\" id=\"wpforms-365-field_9\" class=\"wpforms-field-medium wpforms-field-required wpforms-masked-input\" data-rule-inputmask-incomplete=\"1\" data-inputmask-alias=\"email\" name=\"wpforms[fields][9]\" aria-errormessage=\"wpforms-365-field_9-error\" required><\/div><div id=\"wpforms-365-field_2-container\" class=\"wpforms-field wpforms-field-text\" data-field-id=\"2\"><label class=\"wpforms-field-label\" for=\"wpforms-365-field_2\">Ettev\u00f5te<\/label><input type=\"text\" id=\"wpforms-365-field_2\" class=\"wpforms-field-medium\" name=\"wpforms[fields][2]\" aria-errormessage=\"wpforms-365-field_2-error\" ><\/div><div id=\"wpforms-365-field_10-container\" class=\"wpforms-field wpforms-field-number\" data-field-id=\"10\"><label class=\"wpforms-field-label\" for=\"wpforms-365-field_10\">Reg.nr.<\/label><input type=\"number\" id=\"wpforms-365-field_10\" class=\"wpforms-field-medium\" name=\"wpforms[fields][10]\" step=\"any\" aria-errormessage=\"wpforms-365-field_10-error\" ><\/div><div id=\"wpforms-365-field_8-container\" class=\"wpforms-field wpforms-field-text\" data-field-id=\"8\"><label class=\"wpforms-field-label\" for=\"wpforms-365-field_8\">Arve saaja e-posti aadress <span class=\"wpforms-required-label\" aria-hidden=\"true\">*<\/span><\/label><input type=\"text\" id=\"wpforms-365-field_8\" class=\"wpforms-field-medium wpforms-field-required wpforms-masked-input\" data-rule-inputmask-incomplete=\"1\" data-inputmask-alias=\"email\" name=\"wpforms[fields][8]\" aria-errormessage=\"wpforms-365-field_8-error\" required><\/div><div id=\"wpforms-365-field_3-container\" class=\"wpforms-field wpforms-field-checkbox\" data-field-id=\"3\"><fieldset><legend class=\"wpforms-field-label\">Teenus <span class=\"wpforms-required-label\" aria-hidden=\"true\">*<\/span><\/legend><ul id=\"wpforms-365-field_3\" class=\"wpforms-field-required\"><li class=\"choice-1 depth-1\"><input type=\"checkbox\" id=\"wpforms-365-field_3_1\" name=\"wpforms[fields][3][]\" value=\"Hobus\u00f5it\" aria-errormessage=\"wpforms-365-field_3_1-error\" required ><label class=\"wpforms-field-label-inline\" for=\"wpforms-365-field_3_1\">Hobus\u00f5it<\/label><\/li><li class=\"choice-2 depth-1\"><input type=\"checkbox\" id=\"wpforms-365-field_3_2\" name=\"wpforms[fields][3][]\" value=\"Ponis\u00f5it\" aria-errormessage=\"wpforms-365-field_3_2-error\" required ><label class=\"wpforms-field-label-inline\" for=\"wpforms-365-field_3_2\">Ponis\u00f5it<\/label><\/li><li class=\"choice-3 depth-1\"><input type=\"checkbox\" id=\"wpforms-365-field_3_3\" name=\"wpforms[fields][3][]\" value=\"Rakendis\u00f5it\" aria-errormessage=\"wpforms-365-field_3_3-error\" required ><label class=\"wpforms-field-label-inline\" for=\"wpforms-365-field_3_3\">Rakendis\u00f5it<\/label><\/li><li class=\"choice-5 depth-1\"><input type=\"checkbox\" id=\"wpforms-365-field_3_5\" name=\"wpforms[fields][3][]\" value=\"Kaunistus\" aria-errormessage=\"wpforms-365-field_3_5-error\" required ><label class=\"wpforms-field-label-inline\" for=\"wpforms-365-field_3_5\">Kaunistus<\/label><\/li><\/ul><\/fieldset><\/div><div id=\"wpforms-365-field_4-container\" class=\"wpforms-field wpforms-field-number\" data-field-id=\"4\"><label class=\"wpforms-field-label\" for=\"wpforms-365-field_4\">Hobuste arv <span class=\"wpforms-required-label\" aria-hidden=\"true\">*<\/span><\/label><input type=\"number\" id=\"wpforms-365-field_4\" class=\"wpforms-field-small wpforms-field-required\" name=\"wpforms[fields][4]\" min=\"0\" max=\"4\" step=\"any\" aria-errormessage=\"wpforms-365-field_4-error\" required><\/div><div id=\"wpforms-365-field_5-container\" class=\"wpforms-field wpforms-field-number\" data-field-id=\"5\"><label class=\"wpforms-field-label\" for=\"wpforms-365-field_5\">Ponide arv <span class=\"wpforms-required-label\" aria-hidden=\"true\">*<\/span><\/label><input type=\"number\" id=\"wpforms-365-field_5\" class=\"wpforms-field-small wpforms-field-required\" name=\"wpforms[fields][5]\" min=\"0\" max=\"4\" step=\"any\" aria-errormessage=\"wpforms-365-field_5-error\" required><\/div><div id=\"wpforms-365-field_6-container\" class=\"wpforms-field wpforms-field-text\" data-field-id=\"6\"><label class=\"wpforms-field-label\" for=\"wpforms-365-field_6\">\u00dcrituse address <span class=\"wpforms-required-label\" aria-hidden=\"true\">*<\/span><\/label><input type=\"text\" id=\"wpforms-365-field_6\" class=\"wpforms-field-medium wpforms-field-required\" name=\"wpforms[fields][6]\" aria-errormessage=\"wpforms-365-field_6-error\" aria-describedby=\"wpforms-365-field_6-description\" required><div id=\"wpforms-365-field_6-description\" class=\"wpforms-field-description\">Aadress, Linn<\/div><\/div><div id=\"wpforms-365-field_7-container\" class=\"wpforms-field wpforms-field-text\" data-field-id=\"7\"><label class=\"wpforms-field-label\" for=\"wpforms-365-field_7\">\u00dcrituse kuup\u00e4ev <span class=\"wpforms-required-label\" aria-hidden=\"true\">*<\/span><\/label><input type=\"text\" id=\"wpforms-365-field_7\" class=\"wpforms-field-medium wpforms-field-required wpforms-masked-input\" data-rule-inputmask-incomplete=\"1\" data-inputmask-alias=\"datetime\" data-inputmask-inputformat=\"dd.mm.yyyy\" data-inputmask-inputmode=\"numeric\" name=\"wpforms[fields][7]\" aria-errormessage=\"wpforms-365-field_7-error\" required><\/div>\t\t<div id=\"wpforms-365-field_15-container\"\n\t\t\tclass=\"wpforms-field wpforms-field-text\"\n\t\t\tdata-field-type=\"text\"\n\t\t\tdata-field-id=\"15\"\n\t\t\t>\n\t\t\t<label class=\"wpforms-field-label\" for=\"wpforms-365-field_15\" >\u00dcrituse Reg.nr. h<\/label>\n\t\t\t<input type=\"text\" id=\"wpforms-365-field_15\" class=\"wpforms-field-medium\" name=\"wpforms[fields][15]\" >\n\t\t<\/div>\n\t\t<div id=\"wpforms-365-field_14-container\" class=\"wpforms-field wpforms-field-text\" data-field-id=\"14\"><label class=\"wpforms-field-label\" for=\"wpforms-365-field_14\">\u00dcrituse algus, HH:MM <span class=\"wpforms-required-label\" aria-hidden=\"true\">*<\/span><\/label><input type=\"text\" id=\"wpforms-365-field_14\" class=\"wpforms-field-small wpforms-field-required wpforms-masked-input\" data-rule-inputmask-incomplete=\"1\" data-inputmask-alias=\"datetime\" data-inputmask-inputformat=\"HH:MM\" data-inputmask-inputmode=\"numeric\" name=\"wpforms[fields][14]\" aria-errormessage=\"wpforms-365-field_14-error\" required><\/div><div id=\"wpforms-365-field_13-container\" class=\"wpforms-field wpforms-field-text\" data-field-id=\"13\"><label class=\"wpforms-field-label\" for=\"wpforms-365-field_13\">\u00dcrituse kestus, h <span class=\"wpforms-required-label\" aria-hidden=\"true\">*<\/span><\/label><input type=\"text\" id=\"wpforms-365-field_13\" class=\"wpforms-field-small wpforms-field-required wpforms-limit-characters-enabled\" data-form-id=\"365\" data-field-id=\"13\" data-text-limit=\"1\" name=\"wpforms[fields][13]\" aria-errormessage=\"wpforms-365-field_13-error\" maxlength=\"1\" required><\/div><div id=\"wpforms-365-field_12-container\" class=\"wpforms-field wpforms-field-textarea\" data-field-id=\"12\"><label class=\"wpforms-field-label\" for=\"wpforms-365-field_12\">Lisainfo<\/label><textarea id=\"wpforms-365-field_12\" class=\"wpforms-field-medium\" name=\"wpforms[fields][12]\" aria-errormessage=\"wpforms-365-field_12-error\" ><\/textarea><\/div><script>\n\t\t\t\t( function() {\n\t\t\t\t\tconst style = document.createElement( 'style' );\n\t\t\t\t\tstyle.appendChild( document.createTextNode( '#wpforms-365-field_15-container { position: absolute !important; overflow: hidden !important; display: inline !important; height: 1px !important; width: 1px !important; z-index: -1000 !important; padding: 0 !important; } #wpforms-365-field_15-container input { visibility: hidden; } #wpforms-conversational-form-page #wpforms-365-field_15-container label { counter-increment: none; }' ) );\n\t\t\t\t\tdocument.head.appendChild( style );\n\t\t\t\t\tdocument.currentScript?.remove();\n\t\t\t\t} )();\n\t\t\t<\/script><\/div><!-- .wpforms-field-container --><div class=\"wpforms-recaptcha-container wpforms-is-recaptcha wpforms-is-recaptcha-type-invisible\" ><div class=\"g-recaptcha\" data-sitekey=\"6LcdG9QpAAAAAJRoPTgx-4afnScbh_VNJNed95e0\" data-size=\"invisible\"><\/div><\/div><div class=\"wpforms-submit-container\" ><input type=\"hidden\" name=\"wpforms[id]\" value=\"365\"><input type=\"hidden\" name=\"page_title\" value=\"\"><input type=\"hidden\" name=\"page_url\" value=\"https:\/\/pood.suksutall.ee\/ru\/wp-json\/wp\/v2\/pages\/371\"><input type=\"hidden\" name=\"url_referer\" value=\"\"><button type=\"submit\" name=\"wpforms[submit]\" id=\"wpforms-submit-365\" class=\"wpforms-submit\" data-alt-text=\"Saadan...\" data-submit-text=\"Saada\" aria-live=\"assertive\" value=\"wpforms-submit\">Saada<\/button><img loading=\"lazy\" decoding=\"async\" src=\"https:\/\/pood.suksutall.ee\/wp-content\/plugins\/wpforms-lite\/assets\/images\/submit-spin.svg\" class=\"wpforms-submit-spinner\" style=\"display: none;\" width=\"26\" height=\"26\" alt=\"\u0417\u0430\u0433\u0440\u0443\u0437\u043a\u0430\"><\/div><\/form><\/div>  <!-- .wpforms-container --><\/div>\n\n\n\n<div class=\"wp-block-column is-layout-flow wp-block-column-is-layout-flow\" style=\"flex-basis:50%\">\n<figure class=\"wp-block-image aligncenter size-full is-style-rounded\"><img loading=\"lazy\" decoding=\"async\" width=\"960\" height=\"720\" src=\"https:\/\/pood.suksutall.ee\/wp-content\/uploads\/2025\/04\/EV100.jpg\" alt=\"\" class=\"wp-image-373\" srcset=\"https:\/\/pood.suksutall.ee\/wp-content\/uploads\/2025\/04\/EV100.jpg 960w, https:\/\/pood.suksutall.ee\/wp-content\/uploads\/2025\/04\/EV100-300x225.jpg 300w, https:\/\/pood.suksutall.ee\/wp-content\/uploads\/2025\/04\/EV100-768x576.jpg 768w, https:\/\/pood.suksutall.ee\/wp-content\/uploads\/2025\/04\/EV100-16x12.jpg 16w, https:\/\/pood.suksutall.ee\/wp-content\/uploads\/2025\/04\/EV100-600x450.jpg 600w\" sizes=\"auto, (max-width: 960px) 100vw, 960px\" \/><\/figure>\n<\/div>\n<\/div>\n<\/div>\n","protected":false},"excerpt":{"rendered":"<p>K\u00fcsige kiirelt ja mugavalt oma hinnapakkumist Suksu, Vitsiku k\u00fcle, Toila vald 30507 +372-53555500 info@suksutalli.ee Hinnap\u00e4ringu vorm<\/p>","protected":false},"author":1,"featured_media":0,"parent":0,"menu_order":0,"comment_status":"closed","ping_status":"closed","template":"no-title","meta":{"om_disable_all_campaigns":false,"inline_featured_image":false,"_monsterinsights_skip_tracking":false,"_monsterinsights_sitenote_active":false,"_monsterinsights_sitenote_note":"","_monsterinsights_sitenote_category":0,"_uf_show_specific_survey":0,"_uf_disable_surveys":false,"footnotes":""},"class_list":["post-371","page","type-page","status-publish","hentry"],"aioseo_notices":[],"_links":{"self":[{"href":"https:\/\/pood.suksutall.ee\/ru\/wp-json\/wp\/v2\/pages\/371","targetHints":{"allow":["GET"]}}],"collection":[{"href":"https:\/\/pood.suksutall.ee\/ru\/wp-json\/wp\/v2\/pages"}],"about":[{"href":"https:\/\/pood.suksutall.ee\/ru\/wp-json\/wp\/v2\/types\/page"}],"author":[{"embeddable":true,"href":"https:\/\/pood.suksutall.ee\/ru\/wp-json\/wp\/v2\/users\/1"}],"replies":[{"embeddable":true,"href":"https:\/\/pood.suksutall.ee\/ru\/wp-json\/wp\/v2\/comments?post=371"}],"version-history":[{"count":4,"href":"https:\/\/pood.suksutall.ee\/ru\/wp-json\/wp\/v2\/pages\/371\/revisions"}],"predecessor-version":[{"id":678,"href":"https:\/\/pood.suksutall.ee\/ru\/wp-json\/wp\/v2\/pages\/371\/revisions\/678"}],"wp:attachment":[{"href":"https:\/\/pood.suksutall.ee\/ru\/wp-json\/wp\/v2\/media?parent=371"}],"curies":[{"name":"wp","href":"https:\/\/api.w.org\/{rel}","templated":true}]}}