{"id":30,"date":"2025-03-28T10:08:03","date_gmt":"2025-03-28T10:08:03","guid":{"rendered":"https:\/\/pood.suksutall.ee\/avaleht\/"},"modified":"2026-05-06T19:02:08","modified_gmt":"2026-05-06T16:02:08","slug":"avaleht","status":"publish","type":"page","link":"https:\/\/pood.suksutall.ee\/ru\/","title":{"rendered":"\u0413\u043b\u0430\u0432\u043d\u0430\u044f"},"content":{"rendered":"<div class=\"wp-block-group alignwide has-global-padding is-layout-constrained wp-container-core-group-is-layout-12243e0f wp-block-group-is-layout-constrained\">\n<div class=\"wp-block-columns is-layout-flex wp-container-core-columns-is-layout-28f84493 wp-block-columns-is-layout-flex\">\n<div class=\"wp-block-column is-layout-flow wp-block-column-is-layout-flow\" style=\"flex-basis:50%\">\n<figure class=\"wp-block-image size-full has-custom-border\"><img loading=\"lazy\" decoding=\"async\" width=\"1440\" height=\"1280\" src=\"https:\/\/pood.suksutall.ee\/wp-content\/uploads\/2025\/03\/4125c1c23bd4ee792b8b7c684cd0d4ef9dce2c0e.jpg\" alt=\"ratsalaager\" class=\"wp-image-170\" style=\"border-radius:100px\" srcset=\"https:\/\/pood.suksutall.ee\/wp-content\/uploads\/2025\/03\/4125c1c23bd4ee792b8b7c684cd0d4ef9dce2c0e.jpg 1440w, https:\/\/pood.suksutall.ee\/wp-content\/uploads\/2025\/03\/4125c1c23bd4ee792b8b7c684cd0d4ef9dce2c0e-300x267.jpg 300w, https:\/\/pood.suksutall.ee\/wp-content\/uploads\/2025\/03\/4125c1c23bd4ee792b8b7c684cd0d4ef9dce2c0e-1024x910.jpg 1024w, https:\/\/pood.suksutall.ee\/wp-content\/uploads\/2025\/03\/4125c1c23bd4ee792b8b7c684cd0d4ef9dce2c0e-768x683.jpg 768w, https:\/\/pood.suksutall.ee\/wp-content\/uploads\/2025\/03\/4125c1c23bd4ee792b8b7c684cd0d4ef9dce2c0e-14x12.jpg 14w, https:\/\/pood.suksutall.ee\/wp-content\/uploads\/2025\/03\/4125c1c23bd4ee792b8b7c684cd0d4ef9dce2c0e-600x533.jpg 600w\" sizes=\"auto, (max-width: 1440px) 100vw, 1440px\" \/><\/figure>\n<\/div>\n\n\n\n<div class=\"wp-block-column is-layout-flow wp-block-column-is-layout-flow\" style=\"flex-basis:50%\">\n<p class=\"ext-animate--on\"><\/p>\n\n\n\n<h2 class=\"wp-block-heading has-text-align-center\">\u041e\u0442\u0441\u044e\u0434\u0430 \u043d\u0430\u0447\u0438\u043d\u0430\u044e\u0442\u0441\u044f \u043d\u0430\u0441\u0442\u043e\u044f\u0449\u0438\u0435 \u043a\u043e\u043d\u043d\u044b\u0435 \u043f\u0440\u0438\u043a\u043b\u044e\u0447\u0435\u043d\u0438\u044f! <\/h2>\n\n\n\n<hr class=\"wp-block-separator has-alpha-channel-opacity ext-animate--on\"\/>\n\n\n\n<p class=\"has-text-align-center ext-animate--on\"><strong>\u041b\u0435\u0442\u043d\u0438\u0435 \u0441\u043c\u0435\u043d\u044b \u043a\u043e\u043d\u043d\u043e\u0433\u043e \u043b\u0430\u0433\u0435\u0440\u044f \u0442\u0435\u043f\u0435\u0440\u044c \u043e\u0444\u0438\u0446\u0438\u0430\u043b\u044c\u043d\u043e \u043e\u0442\u043a\u0440\u044b\u0442\u044b \u0432 \u043d\u0430\u0448\u0435\u043c \u0438\u043d\u0442\u0435\u0440\u043d\u0435\u0442\u2011\u043c\u0430\u0433\u0430\u0437\u0438\u043d\u0435 \u2014 \u043d\u0435 \u0443\u043f\u0443\u0441\u0442\u0438\u0442\u0435 \u0432\u043e\u0437\u043c\u043e\u0436\u043d\u043e\u0441\u0442\u044c \u0438 \u0431\u0440\u043e\u043d\u0438\u0440\u0443\u0439\u0442\u0435 \u043c\u0435\u0441\u0442\u0430 \u043a\u0430\u043a \u043c\u043e\u0436\u043d\u043e \u0440\u0430\u043d\u044c\u0448\u0435!<\/strong><\/p>\n\n\n\n\n\n<div class=\"wp-block-group has-global-padding is-layout-constrained wp-block-group-is-layout-constrained\">\n<p class=\"ext-animate--on\"><\/p>\n\n\n\n<div class=\"wp-block-buttons ext-animate--on is-content-justification-center is-layout-flex wp-container-core-buttons-is-layout-a89b3969 wp-block-buttons-is-layout-flex\">\n<div class=\"wp-block-button\"><a class=\"wp-block-button__link wp-element-button\" href=\"https:\/\/pood.suksutall.ee\/ru\/product-category\/ratsalaager\/\">\u041c\u0435\u0441\u0442\u0430 \u0432 \u043b\u0430\u0433\u0435\u0440\u0435 \u0434\u043e\u0441\u0442\u0443\u043f\u043d\u044b \u0437\u0434\u0435\u0441\u044c<\/a><\/div>\n<\/div>\n<\/div>\n<\/div>\n<\/div>\n\n\n\n<p><\/p>\n<\/div>\n\n\n\n<div class=\"wp-block-group alignfull has-tertiary-background-color has-background has-global-padding is-layout-constrained wp-container-core-group-is-layout-38cedfe0 wp-block-group-is-layout-constrained\" style=\"margin-top:0;margin-bottom:0;padding-top:var(--wp--preset--spacing--40);padding-right:var(--wp--preset--spacing--30);padding-bottom:var(--wp--preset--spacing--60);padding-left:var(--wp--preset--spacing--30)\">\n<div class=\"wp-block-columns alignwide are-vertically-aligned-center is-layout-flex wp-container-core-columns-is-layout-d0bbbce0 wp-block-columns-is-layout-flex\">\n<div class=\"wp-block-column is-vertically-aligned-center is-layout-flow wp-block-column-is-layout-flow\">\n<h1 class=\"wp-block-heading\" style=\"margin-top:12px\">\u00ab\u041c\u0430\u0433\u0430\u0437\u0438\u043d Suksutall \u2013 \u041a\u0430\u0447\u0435\u0441\u0442\u0432\u0435\u043d\u043d\u044b\u0435 \u0443\u0441\u043b\u0443\u0433\u0438 \u043f\u043e \u0432\u0435\u0440\u0445\u043e\u0432\u043e\u0439 \u0435\u0437\u0434\u0435 \u0434\u043b\u044f \u0432\u0430\u0448\u0435\u0433\u043e \u0443\u0434\u043e\u0432\u043e\u043b\u044c\u0441\u0442\u0432\u0438\u044f.<\/h1>\n\n\n\n<p style=\"margin-top:16px\">\u041e\u0442\u043a\u0440\u043e\u0439\u0442\u0435 \u0434\u043b\u044f \u0441\u0435\u0431\u044f \u043d\u0430\u0448\u0438 \u0443\u0441\u043b\u0443\u0433\u0438 \u0432\u0435\u0440\u0445\u043e\u0432\u043e\u0439 \u0435\u0437\u0434\u044b \u0438 \u0437\u0430\u0431\u0440\u043e\u043d\u0438\u0440\u0443\u0439\u0442\u0435 \u0441\u0432\u043e\u0435 \u043f\u0440\u0438\u043a\u043b\u044e\u0447\u0435\u043d\u0438\u0435 \u0443\u0436\u0435 \u0441\u0435\u0433\u043e\u0434\u043d\u044f<\/p>\n\n\n\n<div class=\"wp-block-buttons is-layout-flex wp-container-core-buttons-is-layout-12dcd427 wp-block-buttons-is-layout-flex\" style=\"margin-top:var(--wp--preset--spacing--40)\">\n<div class=\"wp-block-button\"><a class=\"wp-block-button__link wp-element-button\" href=\"https:\/\/pood.suksutall.ee\/ru\/pood\/\">\u0423\u0437\u043d\u0430\u0442\u044c \u0431\u043e\u043b\u044c\u0448\u0435<\/a><\/div>\n<\/div>\n<\/div>\n\n\n\n<div class=\"wp-block-column is-vertically-aligned-center is-layout-flow wp-block-column-is-layout-flow\">\n<figure class=\"wp-block-image size-full is-style-rounded wp-duotone-unset-1\"><img loading=\"lazy\" decoding=\"async\" width=\"800\" height=\"800\" src=\"https:\/\/pood.suksutall.ee\/wp-content\/uploads\/2025\/03\/ratsutamine-platsil.jpg.png\" alt=\"\" class=\"wp-image-198\" style=\"aspect-ratio:1;object-fit:cover\" srcset=\"https:\/\/pood.suksutall.ee\/wp-content\/uploads\/2025\/03\/ratsutamine-platsil.jpg.png 800w, https:\/\/pood.suksutall.ee\/wp-content\/uploads\/2025\/03\/ratsutamine-platsil.jpg-300x300.png 300w, https:\/\/pood.suksutall.ee\/wp-content\/uploads\/2025\/03\/ratsutamine-platsil.jpg-150x150.png 150w, https:\/\/pood.suksutall.ee\/wp-content\/uploads\/2025\/03\/ratsutamine-platsil.jpg-768x768.png 768w, https:\/\/pood.suksutall.ee\/wp-content\/uploads\/2025\/03\/ratsutamine-platsil.jpg-12x12.png 12w, https:\/\/pood.suksutall.ee\/wp-content\/uploads\/2025\/03\/ratsutamine-platsil.jpg-600x600.png 600w, https:\/\/pood.suksutall.ee\/wp-content\/uploads\/2025\/03\/ratsutamine-platsil.jpg-100x100.png 100w\" sizes=\"auto, (max-width: 800px) 100vw, 800px\" \/><\/figure>\n<\/div>\n<\/div>\n<\/div>\n\n\n\n<div class=\"wp-block-group alignfull has-background-background-color has-background has-global-padding is-layout-constrained wp-container-core-group-is-layout-7276a2bb wp-block-group-is-layout-constrained\" style=\"margin-top:0;margin-bottom:0;padding-top:var(--wp--preset--spacing--60);padding-right:var(--wp--preset--spacing--30);padding-bottom:var(--wp--preset--spacing--60);padding-left:var(--wp--preset--spacing--30)\">\n<div class=\"wp-block-group alignwide is-vertical is-layout-flex wp-container-core-group-is-layout-fe9cc265 wp-block-group-is-layout-flex\">\n<div class=\"wp-block-group has-global-padding is-layout-constrained wp-block-group-is-layout-constrained\">\n<h2 class=\"wp-block-heading has-large-font-size\">\u041f\u043e\u043b\u043d\u044b\u0439 \u0430\u0441\u0441\u043e\u0440\u0442\u0438\u043c\u0435\u043d\u0442 \u043d\u0430\u0448\u0438\u0445 \u0443\u0441\u043b\u0443\u0433 \u0432\u0435\u0440\u0445\u043e\u0432\u043e\u0439 \u0435\u0437\u0434\u044b<\/h2>\n\n\n\n<p style=\"margin-top:16px\">\u041e\u0442\u043a\u0440\u043e\u0439\u0442\u0435 \u0434\u043b\u044f \u0441\u0435\u0431\u044f \u0440\u0430\u0437\u043d\u043e\u043e\u0431\u0440\u0430\u0437\u043d\u044b\u0435 \u0443\u0441\u043b\u0443\u0433\u0438 \u0432\u0435\u0440\u0445\u043e\u0432\u043e\u0439 \u0435\u0437\u0434\u044b, \u043a\u043e\u0442\u043e\u0440\u044b\u0435 \u0441\u043e\u0441\u0440\u0435\u0434\u043e\u0442\u043e\u0447\u0435\u043d\u044b \u043d\u0430 \u043a\u0430\u0447\u0435\u0441\u0442\u0432\u0435 \u0438 \u0432\u0430\u0448\u0435\u043c \u0443\u0434\u043e\u0432\u043b\u0435\u0442\u0432\u043e\u0440\u0435\u043d\u0438\u0438.<\/p>\n<\/div>\n<\/div>\n\n\n\n<div class=\"wp-block-columns alignwide is-layout-flex wp-container-core-columns-is-layout-5b525043 wp-block-columns-is-layout-flex\">\n<div class=\"wp-block-column is-layout-flow wp-block-column-is-layout-flow\">\n<figure class=\"wp-block-image size-full ext-aspect-landscape\"><img loading=\"lazy\" decoding=\"async\" width=\"720\" height=\"720\" src=\"https:\/\/pood.suksutall.ee\/wp-content\/uploads\/2025\/03\/Merematk.png\" alt=\"\" class=\"wp-image-190\" style=\"aspect-ratio:4\/3;object-fit:cover\" srcset=\"https:\/\/pood.suksutall.ee\/wp-content\/uploads\/2025\/03\/Merematk.png 720w, https:\/\/pood.suksutall.ee\/wp-content\/uploads\/2025\/03\/Merematk-300x300.png 300w, https:\/\/pood.suksutall.ee\/wp-content\/uploads\/2025\/03\/Merematk-150x150.png 150w, https:\/\/pood.suksutall.ee\/wp-content\/uploads\/2025\/03\/Merematk-12x12.png 12w, https:\/\/pood.suksutall.ee\/wp-content\/uploads\/2025\/03\/Merematk-600x600.png 600w, https:\/\/pood.suksutall.ee\/wp-content\/uploads\/2025\/03\/Merematk-100x100.png 100w\" sizes=\"auto, (max-width: 720px) 100vw, 720px\" \/><\/figure>\n\n\n\n<h3 class=\"wp-block-heading\" style=\"margin-top:24px;font-size:clamp(14px, 0.875rem + ((1vw - 3.2px) * 0.469), 20px);line-height:1.5\">\u041f\u0440\u043e\u0433\u0443\u043b\u043a\u0430 \u0432\u0435\u0440\u0445\u043e\u043c \u0432\u0434\u043e\u043b\u044c \u043f\u043e\u0431\u0435\u0440\u0435\u0436\u044c\u044f<\/h3>\n\n\n\n<p class=\"has-small-font-size\" style=\"margin-top:8px\">\u041d\u0435\u0437\u0430\u0431\u044b\u0432\u0430\u0435\u043c\u044b\u0439 \u043e\u043f\u044b\u0442, \u043e\u0431\u044a\u0435\u0434\u0438\u043d\u044f\u044e\u0449\u0438\u0439 \u0436\u0438\u0432\u043e\u043f\u0438\u0441\u043d\u044b\u0435 \u0432\u0438\u0434\u044b \u043f\u0440\u0438\u0440\u043e\u0434\u044b \u0438 \u043d\u0430\u0434\u0435\u0436\u043d\u044b\u0435 \u0443\u0441\u043b\u0443\u0433\u0438<\/p>\n<\/div>\n\n\n\n<div class=\"wp-block-column is-layout-flow wp-block-column-is-layout-flow\">\n<figure class=\"wp-block-image size-full ext-aspect-landscape\"><img loading=\"lazy\" decoding=\"async\" width=\"800\" height=\"800\" src=\"https:\/\/pood.suksutall.ee\/wp-content\/uploads\/2025\/03\/proovitund.png\" alt=\"\" class=\"wp-image-150\" style=\"aspect-ratio:4\/3;object-fit:cover\" srcset=\"https:\/\/pood.suksutall.ee\/wp-content\/uploads\/2025\/03\/proovitund.png 800w, https:\/\/pood.suksutall.ee\/wp-content\/uploads\/2025\/03\/proovitund-300x300.png 300w, https:\/\/pood.suksutall.ee\/wp-content\/uploads\/2025\/03\/proovitund-150x150.png 150w, https:\/\/pood.suksutall.ee\/wp-content\/uploads\/2025\/03\/proovitund-768x768.png 768w, https:\/\/pood.suksutall.ee\/wp-content\/uploads\/2025\/03\/proovitund-12x12.png 12w, https:\/\/pood.suksutall.ee\/wp-content\/uploads\/2025\/03\/proovitund-600x600.png 600w, https:\/\/pood.suksutall.ee\/wp-content\/uploads\/2025\/03\/proovitund-100x100.png 100w\" sizes=\"auto, (max-width: 800px) 100vw, 800px\" \/><\/figure>\n\n\n\n<h3 class=\"wp-block-heading\" style=\"margin-top:24px;font-size:clamp(14px, 0.875rem + ((1vw - 3.2px) * 0.469), 20px);line-height:1.5\">\u041f\u0440\u043e\u0431\u043d\u044b\u0435 \u0443\u0440\u043e\u043a\u0438 \u0432\u0435\u0440\u0445\u043e\u0432\u043e\u0439 \u0435\u0437\u0434\u044b<\/h3>\n\n\n\n<p class=\"has-small-font-size\" style=\"margin-top:8px\">\u041f\u0435\u0440\u0441\u043e\u043d\u0430\u043b\u044c\u043d\u043e\u0435 \u0440\u0443\u043a\u043e\u0432\u043e\u0434\u0441\u0442\u0432\u043e, \u0447\u0442\u043e\u0431\u044b \u043f\u043e\u043c\u043e\u0447\u044c \u0432\u0430\u043c \u0434\u043e\u0441\u0442\u0438\u0447\u044c \u043b\u0443\u0447\u0448\u0438\u0445 \u043d\u0430\u0432\u044b\u043a\u043e\u0432 \u0432\u0435\u0440\u0445\u043e\u0432\u043e\u0439 \u0435\u0437\u0434\u044b.<\/p>\n<\/div>\n\n\n\n<div class=\"wp-block-column is-layout-flow wp-block-column-is-layout-flow\">\n<figure class=\"wp-block-image size-full ext-aspect-landscape\"><img loading=\"lazy\" decoding=\"async\" width=\"932\" height=\"800\" src=\"https:\/\/pood.suksutall.ee\/wp-content\/uploads\/2025\/04\/ponisoit-pood.png\" alt=\"\" class=\"wp-image-269\" style=\"aspect-ratio:4\/3;object-fit:cover\" srcset=\"https:\/\/pood.suksutall.ee\/wp-content\/uploads\/2025\/04\/ponisoit-pood.png 932w, https:\/\/pood.suksutall.ee\/wp-content\/uploads\/2025\/04\/ponisoit-pood-300x258.png 300w, https:\/\/pood.suksutall.ee\/wp-content\/uploads\/2025\/04\/ponisoit-pood-768x659.png 768w, https:\/\/pood.suksutall.ee\/wp-content\/uploads\/2025\/04\/ponisoit-pood-14x12.png 14w, https:\/\/pood.suksutall.ee\/wp-content\/uploads\/2025\/04\/ponisoit-pood-600x515.png 600w\" sizes=\"auto, (max-width: 932px) 100vw, 932px\" \/><\/figure>\n\n\n\n<h3 class=\"wp-block-heading\" style=\"margin-top:24px;font-size:clamp(14px, 0.875rem + ((1vw - 3.2px) * 0.469), 20px);line-height:1.5\">\u041a\u0430\u0442\u0430\u043d\u0438\u0435 \u043d\u0430 \u043f\u043e\u043d\u0438<\/h3>\n\n\n\n<p class=\"has-small-font-size\" style=\"margin-top:8px\">\u0412\u0435\u0441\u0451\u043b\u043e\u0435 \u0438 \u0431\u0435\u0437\u043e\u043f\u0430\u0441\u043d\u043e\u0435 \u0440\u0435\u0448\u0435\u043d\u0438\u0435 \u0434\u043b\u044f \u043c\u0430\u043b\u0435\u043d\u044c\u043a\u0438\u0445 \u043b\u044e\u0431\u0438\u0442\u0435\u043b\u0435\u0439 \u0432\u0435\u0440\u0445\u043e\u0432\u043e\u0439 \u0435\u0437\u0434\u044b.<\/p>\n<\/div>\n<\/div>\n<\/div>\n\n\n\n<div class=\"wp-block-group alignfull has-tertiary-background-color has-background has-global-padding is-layout-constrained wp-container-core-group-is-layout-7276a2bb wp-block-group-is-layout-constrained\" style=\"margin-top:0;margin-bottom:0;padding-top:var(--wp--preset--spacing--60);padding-right:var(--wp--preset--spacing--30);padding-bottom:var(--wp--preset--spacing--60);padding-left:var(--wp--preset--spacing--30)\">\n<div class=\"wp-block-columns alignwide are-vertically-aligned-center is-layout-flex wp-container-core-columns-is-layout-08c01c1c wp-block-columns-is-layout-flex\">\n<div class=\"wp-block-column is-vertically-aligned-center is-layout-flow wp-block-column-is-layout-flow\">\n<h2 class=\"wp-block-heading has-large-font-size\">\u0417\u0430\u0431\u0440\u043e\u043d\u0438\u0440\u0443\u0439\u0442\u0435 \u0432\u0440\u0435\u043c\u044f \u0434\u043b\u044f \u0432\u0435\u0440\u0445\u043e\u0432\u043e\u0439 \u0435\u0437\u0434\u044b \u0443\u0434\u043e\u0431\u043d\u043e \u0438 \u0431\u044b\u0441\u0442\u0440\u043e \u0443\u0436\u0435 \u0441\u0435\u0433\u043e\u0434\u043d\u044f \u043e\u043d\u043b\u0430\u0439\u043d<\/h2>\n\n\n\n<p style=\"margin-top:16px\">\u0423\u0437\u043d\u0430\u0439\u0442\u0435, \u043a\u0430\u043a \u043b\u0435\u0433\u043a\u043e \u0437\u0430\u0431\u0440\u043e\u043d\u0438\u0440\u043e\u0432\u0430\u0442\u044c \u0432\u0430\u0448 \u043e\u043f\u044b\u0442 \u0432\u0435\u0440\u0445\u043e\u0432\u043e\u0439 \u0435\u0437\u0434\u044b \u2013 \u043f\u043e\u0448\u0430\u0433\u043e\u0432\u043e\u0435 \u0440\u0443\u043a\u043e\u0432\u043e\u0434\u0441\u0442\u0432\u043e, \u043a\u043e\u0442\u043e\u0440\u043e\u0435 \u043e\u0431\u0435\u0441\u043f\u0435\u0447\u0438\u0432\u0430\u0435\u0442 \u043f\u043b\u0430\u0432\u043d\u044b\u0439 \u0438 \u044d\u0444\u0444\u0435\u043a\u0442\u0438\u0432\u043d\u044b\u0439 \u043f\u0440\u043e\u0446\u0435\u0441\u0441.<\/p>\n\n\n\n<p><\/p>\n\n\n\n<div class=\"wp-block-buttons is-layout-flex wp-block-buttons-is-layout-flex\" style=\"margin-top:var(--wp--preset--spacing--40)\">\n<div class=\"wp-block-button\"><a class=\"wp-block-button__link wp-element-button\" href=\"https:\/\/pood.suksutall.ee\/ru\/pood\/\">\u0423\u0437\u043d\u0430\u0442\u044c \u0431\u043e\u043b\u044c\u0448\u0435<\/a><\/div>\n<\/div>\n<\/div>\n\n\n\n<div class=\"wp-block-column is-vertically-aligned-center is-layout-flow wp-block-column-is-layout-flow\">\n<div class=\"wp-block-cover has-custom-content-position is-position-bottom-left\" style=\"border-radius:4px;padding-top:var(--wp--preset--spacing--40);padding-right:var(--wp--preset--spacing--30);padding-bottom:var(--wp--preset--spacing--30);padding-left:var(--wp--preset--spacing--30);min-height:100%;aspect-ratio:unset;\"><img loading=\"lazy\" decoding=\"async\" width=\"954\" height=\"1440\" class=\"wp-block-cover__image-background wp-image-176\" alt=\"\" src=\"https:\/\/pood.suksutall.ee\/wp-content\/uploads\/2025\/03\/310ce1c989cc9ebb56075e54ada0d2bbad5da243.jpg\" data-object-fit=\"cover\" srcset=\"https:\/\/pood.suksutall.ee\/wp-content\/uploads\/2025\/03\/310ce1c989cc9ebb56075e54ada0d2bbad5da243.jpg 954w, https:\/\/pood.suksutall.ee\/wp-content\/uploads\/2025\/03\/310ce1c989cc9ebb56075e54ada0d2bbad5da243-199x300.jpg 199w, https:\/\/pood.suksutall.ee\/wp-content\/uploads\/2025\/03\/310ce1c989cc9ebb56075e54ada0d2bbad5da243-678x1024.jpg 678w, https:\/\/pood.suksutall.ee\/wp-content\/uploads\/2025\/03\/310ce1c989cc9ebb56075e54ada0d2bbad5da243-768x1159.jpg 768w, https:\/\/pood.suksutall.ee\/wp-content\/uploads\/2025\/03\/310ce1c989cc9ebb56075e54ada0d2bbad5da243-8x12.jpg 8w, https:\/\/pood.suksutall.ee\/wp-content\/uploads\/2025\/03\/310ce1c989cc9ebb56075e54ada0d2bbad5da243-600x906.jpg 600w\" sizes=\"auto, (max-width: 954px) 100vw, 954px\" \/><span aria-hidden=\"true\" class=\"wp-block-cover__background has-background-dim\"><\/span><div class=\"wp-block-cover__inner-container is-layout-flow wp-block-cover-is-layout-flow\">\n<div style=\"height:240px\" aria-hidden=\"true\" class=\"wp-block-spacer\"><\/div>\n\n\n\n<div class=\"wp-block-group has-global-padding is-layout-constrained wp-block-group-is-layout-constrained\">\n<p style=\"font-size:clamp(1.119rem, 1.119rem + ((1vw - 0.2rem) * 0.789), 1.75rem);font-style:normal;font-weight:500;line-height:1.3\">\u041e\u0442\u0437\u044b\u0432\u044b \u043d\u0430\u0448\u0438\u0445 \u043a\u043b\u0438\u0435\u043d\u0442\u043e\u0432 \u043f\u043e\u0434\u0447\u0435\u0440\u043a\u0438\u0432\u0430\u044e\u0442 \u0438\u0441\u043a\u043b\u044e\u0447\u0438\u0442\u0435\u043b\u044c\u043d\u043e\u0435 \u043e\u0431\u0441\u043b\u0443\u0436\u0438\u0432\u0430\u043d\u0438\u0435 \u0438 \u043d\u0435\u0437\u0430\u0431\u044b\u0432\u0430\u0435\u043c\u044b\u0435 \u0432\u043f\u0435\u0447\u0430\u0442\u043b\u0435\u043d\u0438\u044f.<\/p>\n\n\n\n<h4 class=\"wp-block-heading has-small-font-size\">Maria K.<\/h4>\n\n\n\n<p class=\"has-small-font-size\" style=\"margin-top:2px\">P\u00fcsiklient ja hobusehuviline<\/p>\n<\/div>\n<\/div><\/div>\n<\/div>\n<\/div>\n<\/div>\n\n\n\n<div class=\"wp-block-group alignfull has-background-background-color has-background has-global-padding is-layout-constrained wp-container-core-group-is-layout-fb85e995 wp-block-group-is-layout-constrained\" style=\"margin-top:0;margin-bottom:0;padding-top:var(--wp--preset--spacing--60);padding-right:var(--wp--preset--spacing--30);padding-bottom:var(--wp--preset--spacing--60);padding-left:var(--wp--preset--spacing--30)\">\n<div class=\"wp-block-columns alignwide are-vertically-aligned-center is-layout-flex wp-container-core-columns-is-layout-08c01c1c wp-block-columns-is-layout-flex\">\n<div class=\"wp-block-column is-vertically-aligned-center is-layout-flow wp-block-column-is-layout-flow\" style=\"flex-basis:40%\">\n<div class=\"wp-block-group is-nowrap is-layout-flex wp-container-core-group-is-layout-3b4e9d3e wp-block-group-is-layout-flex\">\n<figure class=\"wp-block-image aligncenter size-full is-resized is-style-rounded\"><img loading=\"lazy\" decoding=\"async\" width=\"500\" height=\"332\" src=\"https:\/\/pood.suksutall.ee\/wp-content\/uploads\/2025\/04\/12.jpg\" alt=\"\" class=\"wp-image-265\" style=\"object-fit:cover;width:136px;height:auto\" srcset=\"https:\/\/pood.suksutall.ee\/wp-content\/uploads\/2025\/04\/12.jpg 500w, https:\/\/pood.suksutall.ee\/wp-content\/uploads\/2025\/04\/12-300x199.jpg 300w, https:\/\/pood.suksutall.ee\/wp-content\/uploads\/2025\/04\/12-18x12.jpg 18w\" sizes=\"auto, (max-width: 500px) 100vw, 500px\" \/><\/figure>\n\n\n\n<div class=\"wp-block-group has-global-padding is-layout-constrained wp-block-group-is-layout-constrained\">\n<h4 class=\"wp-block-heading\" style=\"margin-top:18px;font-size:clamp(14px, 0.875rem + ((1vw - 3.2px) * 0.313), 18px);\">Arina Koppel<\/h4>\n\n\n\n<p class=\"has-small-font-size\" style=\"margin-top:4px\">Ratsutamistreener<\/p>\n<\/div>\n<\/div>\n<\/div>\n\n\n\n<div class=\"wp-block-column is-vertically-aligned-center is-layout-flow wp-block-column-is-layout-flow\" style=\"flex-basis:66.66%\">\n<p style=\"font-size:clamp(15.747px, 0.984rem + ((1vw - 3.2px) * 0.645), 24px);font-style:normal;font-weight:500;line-height:1.5\">\u041c\u0430\u0433\u0430\u0437\u0438\u043d Suksutall \u043f\u0440\u0435\u0434\u043b\u0430\u0433\u0430\u0435\u0442 \u0438\u0441\u043a\u043b\u044e\u0447\u0438\u0442\u0435\u043b\u044c\u043d\u044b\u0439 \u043e\u043f\u044b\u0442 \u0438 \u043e\u0442\u043b\u0438\u0447\u043d\u043e\u0435 \u043e\u0431\u0441\u043b\u0443\u0436\u0438\u0432\u0430\u043d\u0438\u0435!<\/p>\n<\/div>\n<\/div>\n<\/div>","protected":false},"excerpt":{"rendered":"<p>Seiklused hobustega algavad siit! Suvised ratsalaagri vahetused on n\u00fc\u00fcd ametlikult avatud meie e-poes \u2014 \u00e4rge laske v\u00f5imalusel k\u00e4est libiseda ja kiirustage, et broneerida oma kohad v\u00f5imalikult varakult! Suksutalli pood &#8211; Kvaliteetsed ratsutamisteenused sinu r\u00f5\u00f5muks. Avasta meie ratsutamisteenused ja broneeri oma elamus t\u00e4na. Meie ratsutamisteenuste t\u00e4ielik valik Avastage mitmek\u00fclgsed ratsutamisteenused, mis keskenduvad kvaliteedile ja teie rahulolule. [&hellip;]<\/p>\n","protected":false},"author":1,"featured_media":55,"parent":0,"menu_order":0,"comment_status":"closed","ping_status":"closed","template":"no-title","meta":{"om_disable_all_campaigns":false,"inline_featured_image":false,"_monsterinsights_skip_tracking":false,"_monsterinsights_sitenote_active":false,"_monsterinsights_sitenote_note":"","_monsterinsights_sitenote_category":0,"_uf_show_specific_survey":0,"_uf_disable_surveys":false,"footnotes":""},"class_list":["post-30","page","type-page","status-publish","has-post-thumbnail","hentry"],"aioseo_notices":[],"_links":{"self":[{"href":"https:\/\/pood.suksutall.ee\/ru\/wp-json\/wp\/v2\/pages\/30","targetHints":{"allow":["GET"]}}],"collection":[{"href":"https:\/\/pood.suksutall.ee\/ru\/wp-json\/wp\/v2\/pages"}],"about":[{"href":"https:\/\/pood.suksutall.ee\/ru\/wp-json\/wp\/v2\/types\/page"}],"author":[{"embeddable":true,"href":"https:\/\/pood.suksutall.ee\/ru\/wp-json\/wp\/v2\/users\/1"}],"replies":[{"embeddable":true,"href":"https:\/\/pood.suksutall.ee\/ru\/wp-json\/wp\/v2\/comments?post=30"}],"version-history":[{"count":41,"href":"https:\/\/pood.suksutall.ee\/ru\/wp-json\/wp\/v2\/pages\/30\/revisions"}],"predecessor-version":[{"id":965,"href":"https:\/\/pood.suksutall.ee\/ru\/wp-json\/wp\/v2\/pages\/30\/revisions\/965"}],"wp:featuredmedia":[{"embeddable":true,"href":"https:\/\/pood.suksutall.ee\/ru\/wp-json\/wp\/v2\/media\/55"}],"wp:attachment":[{"href":"https:\/\/pood.suksutall.ee\/ru\/wp-json\/wp\/v2\/media?parent=30"}],"curies":[{"name":"wp","href":"https:\/\/api.w.org\/{rel}","templated":true}]}}