{"id":28,"date":"2025-03-28T10:08:02","date_gmt":"2025-03-28T10:08:02","guid":{"rendered":"https:\/\/pood.suksutall.ee\/kontakt\/"},"modified":"2026-03-16T18:20:18","modified_gmt":"2026-03-16T16:20:18","slug":"kontakt","status":"publish","type":"page","link":"https:\/\/pood.suksutall.ee\/ru\/kontakt\/","title":{"rendered":"\u041a\u043e\u043d\u0442\u0430\u043a\u0442\u044b"},"content":{"rendered":"\n<div class=\"wp-block-group alignfull has-tertiary-background-color has-background has-global-padding is-layout-constrained wp-block-group-is-layout-constrained\" style=\"margin-top:0;margin-bottom:0;padding-top:var(--wp--preset--spacing--60);padding-bottom:var(--wp--preset--spacing--60)\">\n<div class=\"wp-block-columns alignwide is-layout-flex wp-container-core-columns-is-layout-08c01c1c wp-block-columns-is-layout-flex\">\n<div class=\"wp-block-column is-layout-flow wp-block-column-is-layout-flow\">\n<h2 class=\"wp-block-heading has-large-font-size\">V\u00f5tke meiega \u00fchendust<\/h2>\n\n\n\n<p style=\"margin-top:16px\">Suksutalli e-pood<br>Suksu<br>30507 Toila vald<br>Eesti<br>Helistage meile:&nbsp;<a href=\"tel:53555500\">53555500<\/a><br>E-posti aadress:&nbsp;<a href=\"mailto:pood@suksutall.ee\">pood@suksutall.ee<\/a><\/p>\n<\/div>\n\n\n\n<div class=\"wp-block-column is-layout-flow wp-block-column-is-layout-flow\"><div class=\"wpforms-container wpforms-block wpforms-block-406c62bf-d413-4f54-9e34-6ea96a36e1dd wpforms-render-modern\" id=\"wpforms-25\"><form id=\"wpforms-form-25\" class=\"wpforms-validate wpforms-form wpforms-ajax-form\" data-formid=\"25\" method=\"post\" enctype=\"multipart\/form-data\" action=\"\/ru\/wp-json\/wp\/v2\/pages\/28\" data-token=\"a94dc10d90861c648575210f7efca6a6\" data-token-time=\"1778845039\"><noscript class=\"wpforms-error-noscript\">\u0414\u043b\u044f \u0437\u0430\u043f\u043e\u043b\u043d\u0435\u043d\u0438\u044f \u0434\u0430\u043d\u043d\u043e\u0439 \u0444\u043e\u0440\u043c\u044b \u0432\u043a\u043b\u044e\u0447\u0438\u0442\u0435 JavaScript \u0432 \u0431\u0440\u0430\u0443\u0437\u0435\u0440\u0435.<\/noscript><div id=\"wpforms-error-noscript\" style=\"display: none;\">\u0414\u043b\u044f \u0437\u0430\u043f\u043e\u043b\u043d\u0435\u043d\u0438\u044f \u0434\u0430\u043d\u043d\u043e\u0439 \u0444\u043e\u0440\u043c\u044b \u0432\u043a\u043b\u044e\u0447\u0438\u0442\u0435 JavaScript \u0432 \u0431\u0440\u0430\u0443\u0437\u0435\u0440\u0435.<\/div><div class=\"wpforms-field-container\"><div id=\"wpforms-25-field_1-container\" class=\"wpforms-field wpforms-field-name\" data-field-id=\"1\"><label class=\"wpforms-field-label\" for=\"wpforms-25-field_1\">Nimi <span class=\"wpforms-required-label\" aria-hidden=\"true\">*<\/span><\/label><input type=\"text\" id=\"wpforms-25-field_1\" class=\"wpforms-field-large wpforms-field-required\" name=\"wpforms[fields][1]\" aria-errormessage=\"wpforms-25-field_1-error\" required><\/div>\t\t<div id=\"wpforms-25-field_5-container\"\n\t\t\tclass=\"wpforms-field wpforms-field-text\"\n\t\t\tdata-field-type=\"text\"\n\t\t\tdata-field-id=\"5\"\n\t\t\t>\n\t\t\t<label class=\"wpforms-field-label\" for=\"wpforms-25-field_5\" >Nimi Teema S\u00f5num<\/label>\n\t\t\t<input type=\"text\" id=\"wpforms-25-field_5\" class=\"wpforms-field-medium\" name=\"wpforms[fields][5]\" >\n\t\t<\/div>\n\t\t<div id=\"wpforms-25-field_2-container\" class=\"wpforms-field wpforms-field-email\" data-field-id=\"2\"><label class=\"wpforms-field-label\" for=\"wpforms-25-field_2\">E-post <span class=\"wpforms-required-label\" aria-hidden=\"true\">*<\/span><\/label><input type=\"email\" id=\"wpforms-25-field_2\" class=\"wpforms-field-large wpforms-field-required\" name=\"wpforms[fields][2]\" spellcheck=\"false\" aria-errormessage=\"wpforms-25-field_2-error\" required><\/div><div id=\"wpforms-25-field_3-container\" class=\"wpforms-field wpforms-field-text\" data-field-id=\"3\"><label class=\"wpforms-field-label\" for=\"wpforms-25-field_3\">Teema<\/label><input type=\"text\" id=\"wpforms-25-field_3\" class=\"wpforms-field-large\" name=\"wpforms[fields][3]\" aria-errormessage=\"wpforms-25-field_3-error\" ><\/div><div id=\"wpforms-25-field_4-container\" class=\"wpforms-field wpforms-field-textarea\" data-field-id=\"4\"><label class=\"wpforms-field-label\" for=\"wpforms-25-field_4\">S\u00f5num <span class=\"wpforms-required-label\" aria-hidden=\"true\">*<\/span><\/label><textarea id=\"wpforms-25-field_4\" class=\"wpforms-field-large wpforms-field-required\" name=\"wpforms[fields][4]\" aria-errormessage=\"wpforms-25-field_4-error\" required><\/textarea><\/div><script>\n\t\t\t\t( function() {\n\t\t\t\t\tconst style = document.createElement( 'style' );\n\t\t\t\t\tstyle.appendChild( document.createTextNode( '#wpforms-25-field_5-container { position: absolute !important; overflow: hidden !important; display: inline !important; height: 1px !important; width: 1px !important; z-index: -1000 !important; padding: 0 !important; } #wpforms-25-field_5-container input { visibility: hidden; } #wpforms-conversational-form-page #wpforms-25-field_5-container label { counter-increment: none; }' ) );\n\t\t\t\t\tdocument.head.appendChild( style );\n\t\t\t\t\tdocument.currentScript?.remove();\n\t\t\t\t} )();\n\t\t\t<\/script><\/div><!-- .wpforms-field-container --><div class=\"wpforms-submit-container\" ><input type=\"hidden\" name=\"wpforms[id]\" value=\"25\"><input type=\"hidden\" name=\"page_title\" value=\"\"><input type=\"hidden\" name=\"page_url\" value=\"https:\/\/pood.suksutall.ee\/ru\/wp-json\/wp\/v2\/pages\/28\"><input type=\"hidden\" name=\"url_referer\" value=\"\"><button type=\"submit\" name=\"wpforms[submit]\" id=\"wpforms-submit-25\" class=\"wpforms-submit\" data-alt-text=\"Sending...\" data-submit-text=\"Submit\" aria-live=\"assertive\" value=\"wpforms-submit\">Submit<\/button><img loading=\"lazy\" decoding=\"async\" src=\"https:\/\/pood.suksutall.ee\/wp-content\/plugins\/wpforms-lite\/assets\/images\/submit-spin.svg\" class=\"wpforms-submit-spinner\" style=\"display: none;\" width=\"26\" height=\"26\" alt=\"\u0417\u0430\u0433\u0440\u0443\u0437\u043a\u0430\"><\/div><\/form><\/div>  <!-- .wpforms-container --><\/div>\n<\/div>\n<\/div>\n\n\n\n<div class=\"wp-block-group alignfull has-background-background-color has-background has-global-padding is-layout-constrained wp-container-core-group-is-layout-7276a2bb wp-block-group-is-layout-constrained\" style=\"margin-top:0;margin-bottom:0;padding-top:var(--wp--preset--spacing--60);padding-right:var(--wp--preset--spacing--30);padding-bottom:var(--wp--preset--spacing--60);padding-left:var(--wp--preset--spacing--30)\">\n<div class=\"wp-block-columns alignwide are-vertically-aligned-center is-layout-flex wp-container-core-columns-is-layout-08c01c1c wp-block-columns-is-layout-flex\">\n<div class=\"wp-block-column is-vertically-aligned-center is-layout-flow wp-block-column-is-layout-flow\">\n<figure class=\"wp-block-image\"><img loading=\"lazy\" decoding=\"async\" width=\"1440\" height=\"960\" src=\"https:\/\/pood.suksutall.ee\/wp-content\/uploads\/2025\/03\/be701dc55883b42a1442b3035d446c852b73396a.jpg\" alt=\"\" class=\"wp-image-160\" style=\"aspect-ratio:4\/3;object-fit:cover\" srcset=\"https:\/\/pood.suksutall.ee\/wp-content\/uploads\/2025\/03\/be701dc55883b42a1442b3035d446c852b73396a.jpg 1440w, https:\/\/pood.suksutall.ee\/wp-content\/uploads\/2025\/03\/be701dc55883b42a1442b3035d446c852b73396a-300x200.jpg 300w, https:\/\/pood.suksutall.ee\/wp-content\/uploads\/2025\/03\/be701dc55883b42a1442b3035d446c852b73396a-1024x683.jpg 1024w, https:\/\/pood.suksutall.ee\/wp-content\/uploads\/2025\/03\/be701dc55883b42a1442b3035d446c852b73396a-768x512.jpg 768w, https:\/\/pood.suksutall.ee\/wp-content\/uploads\/2025\/03\/be701dc55883b42a1442b3035d446c852b73396a-18x12.jpg 18w, https:\/\/pood.suksutall.ee\/wp-content\/uploads\/2025\/03\/be701dc55883b42a1442b3035d446c852b73396a-600x400.jpg 600w\" sizes=\"auto, (max-width: 1440px) 100vw, 1440px\" \/><\/figure>\n<\/div>\n\n\n\n<div class=\"wp-block-column is-vertically-aligned-center is-layout-flow wp-block-column-is-layout-flow\">\n<h2 class=\"wp-block-heading has-large-font-size\">Broneeri aeg mugavalt ja kiirelt t\u00e4na meie veebilehel<\/h2>\n\n\n\n<p style=\"margin-top:16px\">Siin lehel leiad \u00fcksikasjaliku juhendi broneerimiseks, r\u00f5hutades selle lihtsust ja efektiivsust. Kasulik teave aitab sul h\u00f5lpsalt valida sobiva aja ja m\u00f5ista k\u00f5iki pakutavaid v\u00f5imalusi sujuvaks broneerimiskogemuseks.<\/p>\n\n\n\n<div class=\"wp-block-buttons is-layout-flex wp-block-buttons-is-layout-flex\" style=\"margin-top:var(--wp--preset--spacing--40)\">\n<div class=\"wp-block-button\"><a class=\"wp-block-button__link wp-element-button\" href=\"#\">Loe edasi<\/a><\/div>\n<\/div>\n<\/div>\n<\/div>\n<\/div>\n\n\n\n<div class=\"wp-block-group alignfull has-tertiary-background-color has-background has-global-padding is-layout-constrained wp-container-core-group-is-layout-fb85e995 wp-block-group-is-layout-constrained\" style=\"margin-top:0;margin-bottom:0;padding-top:var(--wp--preset--spacing--60);padding-right:var(--wp--preset--spacing--30);padding-bottom:var(--wp--preset--spacing--60);padding-left:var(--wp--preset--spacing--30)\">\n<div class=\"wp-block-media-text alignwide is-stacked-on-mobile has-background-background-color has-background\" style=\"grid-template-columns:40% auto\"><figure class=\"wp-block-media-text__media\"><img loading=\"lazy\" decoding=\"async\" width=\"1440\" height=\"1188\" src=\"https:\/\/pood.suksutall.ee\/wp-content\/uploads\/2025\/03\/871b4fe7f11a6bc701b74fe2ab24d6a3898489ae.jpg\" alt=\"\" class=\"wp-image-161 size-full\" srcset=\"https:\/\/pood.suksutall.ee\/wp-content\/uploads\/2025\/03\/871b4fe7f11a6bc701b74fe2ab24d6a3898489ae.jpg 1440w, https:\/\/pood.suksutall.ee\/wp-content\/uploads\/2025\/03\/871b4fe7f11a6bc701b74fe2ab24d6a3898489ae-300x248.jpg 300w, https:\/\/pood.suksutall.ee\/wp-content\/uploads\/2025\/03\/871b4fe7f11a6bc701b74fe2ab24d6a3898489ae-1024x845.jpg 1024w, https:\/\/pood.suksutall.ee\/wp-content\/uploads\/2025\/03\/871b4fe7f11a6bc701b74fe2ab24d6a3898489ae-768x634.jpg 768w, https:\/\/pood.suksutall.ee\/wp-content\/uploads\/2025\/03\/871b4fe7f11a6bc701b74fe2ab24d6a3898489ae-15x12.jpg 15w, https:\/\/pood.suksutall.ee\/wp-content\/uploads\/2025\/03\/871b4fe7f11a6bc701b74fe2ab24d6a3898489ae-600x495.jpg 600w\" sizes=\"auto, (max-width: 1440px) 100vw, 1440px\" \/><\/figure><div class=\"wp-block-media-text__content\">\n<div class=\"wp-block-group has-global-padding is-layout-constrained wp-block-group-is-layout-constrained\">\n<h2 class=\"wp-block-heading has-large-font-size\">Hankige oma pakkumine kiiresti ja lihtsalt<\/h2>\n\n\n\n<p style=\"margin-top:16px\">Siit saate teada, kuidas taotleda teenuse hinnapakkumist \u2013 kiirelt ja arusaadavalt.<\/p>\n\n\n\n<div class=\"wp-block-buttons is-layout-flex wp-block-buttons-is-layout-flex\">\n<div class=\"wp-block-button\"><a class=\"wp-block-button__link wp-element-button\" href=\"#\">Loe edasi<\/a><\/div>\n<\/div>\n<\/div>\n<\/div><\/div>\n<\/div>\n","protected":false},"excerpt":{"rendered":"<p>V\u00f5tke meiega \u00fchendust Suksutalli e-poodSuksu30507 Toila valdEestiHelistage meile:&nbsp;53555500E-posti aadress:&nbsp;pood@suksutall.ee Broneeri aeg mugavalt ja kiirelt t\u00e4na meie veebilehel Siin lehel leiad \u00fcksikasjaliku juhendi broneerimiseks, r\u00f5hutades selle lihtsust ja efektiivsust. Kasulik teave aitab sul h\u00f5lpsalt valida sobiva aja ja m\u00f5ista k\u00f5iki pakutavaid v\u00f5imalusi sujuvaks broneerimiskogemuseks. Hankige oma pakkumine kiiresti ja lihtsalt Siit saate teada, kuidas taotleda teenuse [&hellip;]<\/p>\n","protected":false},"author":1,"featured_media":0,"parent":0,"menu_order":0,"comment_status":"closed","ping_status":"closed","template":"no-title","meta":{"om_disable_all_campaigns":false,"inline_featured_image":false,"_monsterinsights_skip_tracking":false,"_monsterinsights_sitenote_active":false,"_monsterinsights_sitenote_note":"","_monsterinsights_sitenote_category":0,"_uf_show_specific_survey":0,"_uf_disable_surveys":false,"footnotes":""},"class_list":["post-28","page","type-page","status-publish","hentry"],"aioseo_notices":[],"_links":{"self":[{"href":"https:\/\/pood.suksutall.ee\/ru\/wp-json\/wp\/v2\/pages\/28","targetHints":{"allow":["GET"]}}],"collection":[{"href":"https:\/\/pood.suksutall.ee\/ru\/wp-json\/wp\/v2\/pages"}],"about":[{"href":"https:\/\/pood.suksutall.ee\/ru\/wp-json\/wp\/v2\/types\/page"}],"author":[{"embeddable":true,"href":"https:\/\/pood.suksutall.ee\/ru\/wp-json\/wp\/v2\/users\/1"}],"replies":[{"embeddable":true,"href":"https:\/\/pood.suksutall.ee\/ru\/wp-json\/wp\/v2\/comments?post=28"}],"version-history":[{"count":4,"href":"https:\/\/pood.suksutall.ee\/ru\/wp-json\/wp\/v2\/pages\/28\/revisions"}],"predecessor-version":[{"id":682,"href":"https:\/\/pood.suksutall.ee\/ru\/wp-json\/wp\/v2\/pages\/28\/revisions\/682"}],"wp:attachment":[{"href":"https:\/\/pood.suksutall.ee\/ru\/wp-json\/wp\/v2\/media?parent=28"}],"curies":[{"name":"wp","href":"https:\/\/api.w.org\/{rel}","templated":true}]}}