{"id":245,"date":"2025-04-11T08:51:51","date_gmt":"2025-04-11T05:51:51","guid":{"rendered":"https:\/\/pood.suksutall.ee\/?page_id=245"},"modified":"2026-03-16T18:23:27","modified_gmt":"2026-03-16T16:23:27","slug":"e-poe-tingimused","status":"publish","type":"page","link":"https:\/\/pood.suksutall.ee\/ru\/e-poe-tingimused\/","title":{"rendered":"\u0423\u0441\u043b\u043e\u0432\u0438\u044f \u043c\u0430\u0433\u0430\u0437\u0438\u043d\u0430"},"content":{"rendered":"<div class=\"wp-block-group alignfull has-tertiary-background-color has-background has-global-padding is-layout-constrained wp-container-core-group-is-layout-7276a2bb wp-block-group-is-layout-constrained\" style=\"margin-top:0;margin-bottom:0;padding-top:var(--wp--preset--spacing--60);padding-right:var(--wp--preset--spacing--30);padding-bottom:var(--wp--preset--spacing--60);padding-left:var(--wp--preset--spacing--30)\">\n<h2 class=\"wp-block-heading has-text-align-center has-large-font-size\">Tutvu meie missiooni ja visiooniga, mis viivad sind parema tulevikuni.<\/h2>\n\n\n\n<p class=\"has-text-align-center\" style=\"margin-top:16px\">Meie pood hoolib oma klientidest ning pingutab selle nimel, et pakkuda mugavat ja usaldusv\u00e4\u00e4rset ostu- ja broneerimiskeskkonda meie teenuste kasutamiseks. Peame oluliseks j\u00e4rgida kehtivaid seadusi, arvestada klientide soove ning pakkuda meeldivat ja turvalist kogemust igale k\u00fclastajale.<\/p>\n<\/div>\n\n\n\n<div class=\"wp-block-group alignfull has-background-background-color has-background has-global-padding is-layout-constrained wp-container-core-group-is-layout-7276a2bb wp-block-group-is-layout-constrained\" style=\"margin-top:0;margin-bottom:0;padding-top:var(--wp--preset--spacing--60);padding-right:var(--wp--preset--spacing--30);padding-bottom:var(--wp--preset--spacing--60);padding-left:var(--wp--preset--spacing--30)\">\n<div class=\"wp-block-columns alignwide is-layout-flex wp-container-core-columns-is-layout-714d85e9 wp-block-columns-is-layout-flex\">\n<div class=\"wp-block-column is-layout-flow wp-block-column-is-layout-flow\" style=\"flex-basis:33.33%\">\n<h2 class=\"wp-block-heading has-large-font-size\">\u0423\u0441\u043b\u043e\u0432\u0438\u044f \u043c\u0430\u0433\u0430\u0437\u0438\u043d\u0430<\/h2>\n\n\n\n<p><\/p>\n\n\n\n<figure class=\"wp-block-image size-full\"><img loading=\"lazy\" decoding=\"async\" width=\"500\" height=\"332\" src=\"https:\/\/pood.suksutall.ee\/wp-content\/uploads\/2025\/04\/12.jpg\" alt=\"\" class=\"wp-image-265\" srcset=\"https:\/\/pood.suksutall.ee\/wp-content\/uploads\/2025\/04\/12.jpg 500w, https:\/\/pood.suksutall.ee\/wp-content\/uploads\/2025\/04\/12-300x199.jpg 300w, https:\/\/pood.suksutall.ee\/wp-content\/uploads\/2025\/04\/12-18x12.jpg 18w\" sizes=\"auto, (max-width: 500px) 100vw, 500px\" \/><\/figure>\n<\/div>\n\n\n\n<div class=\"wp-block-column has-small-font-size is-layout-flow wp-container-core-column-is-layout-ef883af5 wp-block-column-is-layout-flow\" style=\"flex-basis:66.66%\">\n<details class=\"wp-block-details has-tertiary-background-color has-background is-layout-flow wp-container-core-details-is-layout-925c762a wp-block-details-is-layout-flow\" style=\"padding-top:1.25rem;padding-right:1.5rem;padding-bottom:1.25rem;padding-left:1.5rem;font-size:clamp(14px, 0.875rem + ((1vw - 3.2px) * 0.469), 20px);font-style:normal;font-weight:500\" open><summary>M\u00fc\u00fcgitingimused<\/summary>\n<p class=\"has-small-font-size\" style=\"font-style:normal;font-weight:400\">M\u00fc\u00fcgitingimused kehtivad Veebipoest kaupade ostmisel. Veebipoes m\u00fc\u00fcdavate toodete hinnad on m\u00e4rgitud toodete juurde.<\/p>\n\n\n\n<p class=\"has-small-font-size\" style=\"font-style:normal;font-weight:400\">Hinnale lisandub tasu kauba k\u00e4ttetoimetamise eest. Kauba k\u00e4ttetoimetamise tasu s\u00f5ltub ostja asukohast ning k\u00e4ttetoimetamise viisist. K\u00e4ttetoimetamise tasu kuvatakse ostjale tellimuse vormistamisel.<\/p>\n\n\n\n<p class=\"has-small-font-size\" style=\"font-style:normal;font-weight:400\">Teave kauba kohta on esitatud Veebipoes vahetult kauba juures.<\/p>\n<\/details>\n\n\n\n<details class=\"wp-block-details has-tertiary-background-color has-background is-layout-flow wp-container-core-details-is-layout-d8fa6230 wp-block-details-is-layout-flow\" style=\"padding-top:1.25rem;padding-right:1.5rem;padding-bottom:1.25rem;padding-left:1.5rem;font-size:clamp(14px, 0.875rem + ((1vw - 3.2px) * 0.469), 20px);font-style:normal;font-weight:500\"><summary><strong>Tellimuse vormistamine<\/strong><\/summary>\n<p class=\"has-small-font-size\" style=\"font-style:normal;font-weight:400\">Kauba tellimiseks tuleb lisada soovitud tooted ostukorvi. Tellimuse vormistamiseks tuleb t\u00e4ita n\u00f5utud andmev\u00e4ljad ning valida sobiv toodete kohaletoimetamise viis. Seej\u00e4rel kuvatakse ekraanile tasu suurus, mille saab tasuda pangalingi kaudu v\u00f5i muu makselahenduse abil. Makseid vahendab Swedbank.<\/p>\n\n\n\n<p class=\"has-small-font-size\" style=\"font-style:normal;font-weight:400\">Leping j\u00f5ustub alates tasumisele kuuluva summa laekumisest Veebipoe arvelduskontole.<\/p>\n\n\n\n<p class=\"has-small-font-size\" style=\"font-style:normal;font-weight:400\">Kui tellitud kaupa ei ole v\u00f5imalik tarnida seoses kauba l\u00f5ppemisega v\u00f5i muul p\u00f5hjusel, teavitatakse sellest ostjat esimesel v\u00f5imalusel ning tagastatakse tasutud raha (sh kauba k\u00e4ttetoimetamise kulud) \u00fcldjuhul 1-2 t\u00f6\u00f6p\u00e4eva jooksul. S\u00f5ltuvalt makseviisist v\u00f5ib laekumine aega v\u00f5tta kuni 7 t\u00f6\u00f6p\u00e4eva.<\/p>\n<\/details>\n\n\n\n<details class=\"wp-block-details has-tertiary-background-color has-background is-layout-flow wp-container-core-details-is-layout-d8fa6230 wp-block-details-is-layout-flow\" style=\"padding-top:1.25rem;padding-right:1.5rem;padding-bottom:1.25rem;padding-left:1.5rem;font-size:clamp(14px, 0.875rem + ((1vw - 3.2px) * 0.469), 20px);font-style:normal;font-weight:500\"><summary><strong>Kohaletoimetamine<\/strong><\/summary>\n<p class=\"has-small-font-size\" style=\"font-style:normal;font-weight:400\">Kaupu saadetakse j\u00e4rgmistesse riikidesse: Eesti<\/p>\n\n\n\n<p class=\"has-small-font-size\" style=\"font-style:normal;font-weight:400\">Kauba saatmiskulud kannab ostja ning vastav hinnainfo on kuvatud saatmisviisi juures. Eestisisesed saadetised j\u00f5uavad \u00fcldjuhul ostja m\u00e4\u00e4ratud sihtpunkti 2-4 t\u00f6\u00f6p\u00e4eva jooksul alates m\u00fc\u00fcgilepingu j\u00f5ustumist.<br>Erandlikel juhtumitel on \u00f5igus kaup kohale toimetada kuni 30 kalendrip\u00e4eva jooksul. Kui Veebipood on veebilehel v\u00f5i tellimuse kinnituses teavitanud ostjat tarneprobleemidest ja 30 kalendrip\u00e4eva \u00fcletavast t\u00e4htajast, kohaldub Veebipoe poolt avaldatud t\u00e4htaeg.<\/p>\n<\/details>\n\n\n\n<details class=\"wp-block-details has-tertiary-background-color has-background is-layout-flow wp-container-core-details-is-layout-d8fa6230 wp-block-details-is-layout-flow\" style=\"padding-top:1.25rem;padding-right:1.5rem;padding-bottom:1.25rem;padding-left:1.5rem;font-size:clamp(14px, 0.875rem + ((1vw - 3.2px) * 0.469), 20px);font-style:normal;font-weight:500\"><summary><strong>Taganemis\u00f5igus<\/strong><\/summary>\n<p class=\"has-small-font-size\" style=\"font-style:normal;font-weight:400\">P\u00e4rast tellimuse k\u00e4ttesaamist on ostjal \u00f5igus e-poes s\u00f5lmitud lepingust taganeda 14 p\u00e4eva jooksul.<br>Taganemis\u00f5igus ei kohaldu, kui ostjaks on juriidiline isik.<\/p>\n\n\n\n<p class=\"has-small-font-size\" style=\"font-style:normal;font-weight:400\">14-p\u00e4evase tagastamis\u00f5iguse kasutamiseks ei tohi tellitud kaupa kasutada muul viisil kui on vajalik kauba olemuses, omadustes ja toimimises veendumiseks viisil nagu see on lubatud kauba testimiseks f\u00fc\u00fcsilises poes.<br>Kui kaupa on kasutatud muuks otstarbeks kui on vajalik kauba olemuses, omadustes ja toimimises veendumiseks v\u00f5i sellel on kasutamise v\u00f5i kulumise m\u00e4rke, on Veebipoel \u00f5igus alandada tagastatavat tasu vastavalt kauba v\u00e4\u00e4rtuse v\u00e4henemisele.<\/p>\n\n\n\n<p class=\"has-small-font-size\" style=\"font-style:normal;font-weight:400\">Kauba tagastamiseks tuleb esitada kauba ostmisest taganemise avaldus, mille vormi leiab&nbsp;<a href=\"https:\/\/pood.suksutall.ee\/ru\/img\/cms\/Taganemisavalduse-vorm.pdf\/\">siit<\/a>&nbsp;ning saata see e-posti aadressile&nbsp;<a href=\"mailto:eskadron@suksutall.ee\">pood@suksutall.ee<\/a>&nbsp;hiljemalt 14 p\u00e4eva jooksul kauba k\u00e4ttesaamisest.<\/p>\n\n\n\n<p class=\"has-small-font-size\" style=\"font-style:normal;font-weight:400\">Kauba tagastamise kulud kannab ostja, v\u00e4lja arvatud juhul, kui tagastamise p\u00f5hjus seisneb asjaolus, et tagastamisele kuuluv asi ei vasta tellitule (nt vale v\u00f5i defektiga asi).<\/p>\n\n\n\n<p class=\"has-small-font-size\" style=\"font-style:normal;font-weight:400\">Ostja peab kauba tagastama avalduse esitamisele j\u00e4rgneva 14 p\u00e4eva jooksul v\u00f5i esitama t\u00f5endi, etta on eelnimetatud perioodi jooksul kauba \u00fcle andnud kauba vedajale.<\/p>\n\n\n\n<p class=\"has-small-font-size\" style=\"font-style:normal;font-weight:400\">Veebipood tagastab tagastatava kauba k\u00e4ttesaamisel ostjale viivitamata, kuid mitte hiljem kui 14 p\u00e4eva m\u00f6\u00f6dumisel arvates taganemisavalduse saamisest, k\u00f5ik ostjalt lepingu alusel saadud tasud. Veebipood v\u00f5ib keelduda tagasimaksete tegemisest seni, kuni on lepingu esemeks oleva asja tagasi saanud v\u00f5i kuni ostja on esitanud t\u00f5endid, et on asja tagasi saatnud, s\u00f5ltuvalt sellest, kumb toimub varem.<\/p>\n\n\n\n<p class=\"has-small-font-size\" style=\"font-style:normal;font-weight:400\">Kui ostja on s\u00f5naselgelt valinud Veebipoe pakutud k\u00f5ige odavamast tavap\u00e4rasest asja k\u00e4ttetoimetamise viisist erineva k\u00e4ttetoimetamise viisi, ei pea Veebipood tarbijale tagastama kulu, mis \u00fcletab tavap\u00e4rase k\u00e4ttetoimetamise viisiga seotud kulu.<\/p>\n\n\n\n<p class=\"has-small-font-size\" style=\"font-style:normal;font-weight:400\">Veebipoel on \u00f5igus taganeda m\u00fc\u00fcgitehingust ning n\u00f5uda ostjalt tagasi kaup, kui kauba hind veebipoes on eksituse t\u00f5ttu m\u00e4rgitud oluliselt alla kauba turuhinna.<\/p>\n<\/details>\n\n\n\n<details class=\"wp-block-details has-tertiary-background-color has-background is-layout-flow wp-container-core-details-is-layout-d8fa6230 wp-block-details-is-layout-flow\" style=\"padding-top:1.25rem;padding-right:1.5rem;padding-bottom:1.25rem;padding-left:1.5rem;font-size:clamp(14px, 0.875rem + ((1vw - 3.2px) * 0.469), 20px);font-style:normal;font-weight:500\"><summary><strong><strong><strong>Vaidluste lahendamine<\/strong><\/strong><\/strong><\/summary>\n<p class=\"has-small-font-size\" style=\"font-style:normal;font-weight:400\">Kui ostjal on Veebipoe osas pretensioone, tuleb need saata e-kirja aadressile&nbsp;pood@suksutall.ee&nbsp;v\u00f5i helistada telefonil: +372 53555500.<\/p>\n\n\n\n<p class=\"has-small-font-size\" style=\"font-style:normal;font-weight:400\">Kui ostja ja Veebipood ei suuda lahenda vaidlust kokkuleppe teel, siis on ostjal v\u00f5imalik p\u00f6\u00f6rduda Tarbijavaidluste komisjoni&nbsp;<a href=\"https:\/\/ttja.ee\/tarbijavaidluste-komisjon\">poole<\/a>. Menetlustingimustega saab tutvuda ning avaldust esitada siin. Tarbijavaidluste komisjoni p\u00e4devuses on lahendada ostja ja Veebipoe vahel s\u00f5lmitud lepingust tulenevaid vaidlusi. Ostja kaebuse l\u00e4bivaatamine komisjonis on tasuta.<\/p>\n\n\n\n<p class=\"has-small-font-size\" style=\"font-style:normal;font-weight:400\">Ostja v\u00f5ib p\u00f6\u00f6rduda&nbsp;<a href=\"https:\/\/ec.europa.eu\/info\/live-work-travel-eu\/consumer-rights-and-complaints\/resolve-your-consumer-complaint_et\">Euroopa Liidu tarbijavaidlusi lahendava platvormi poole<\/a>.<\/p>\n<\/details>\n<\/div>\n<\/div>\n<\/div>\n\n\n\n<div class=\"wp-block-group alignfull has-background-background-color has-background has-global-padding is-layout-constrained wp-container-core-group-is-layout-9b19db8b wp-block-group-is-layout-constrained\" style=\"margin-top:0;margin-bottom:0;padding-top:var(--wp--preset--spacing--60);padding-right:var(--wp--preset--spacing--30);padding-bottom:var(--wp--preset--spacing--60);padding-left:var(--wp--preset--spacing--30)\">\n<div class=\"wp-block-media-text alignwide has-media-on-the-right\" style=\"margin-top:0;margin-right:0;margin-bottom:0;margin-left:0;padding-top:0;padding-right:var(--wp--preset--spacing--30);padding-bottom:0;padding-left:var(--wp--preset--spacing--30);grid-template-columns:auto 28%\"><div class=\"wp-block-media-text__content\">\n<div class=\"wp-block-group has-global-padding is-content-justification-left is-layout-constrained wp-container-core-group-is-layout-cdff7eec wp-block-group-is-layout-constrained\" style=\"padding-top:var(--wp--preset--spacing--30);padding-right:0;padding-bottom:var(--wp--preset--spacing--30);padding-left:0\">\n<h2 class=\"wp-block-heading has-large-font-size\">Tehke t\u00e4na esimene samm oma unistuste ellu viimiseks<\/h2>\n\n\n\n<p style=\"margin-top:16px\">Avasta liitumise v\u00f5i tellimise eelised ja liitu meie kasvava kogukonnaga.<\/p>\n\n\n\n<ul style=\"line-height:2\" class=\"wp-block-list has-small-font-size\">\n<li>Kiire kohaletoomine<\/li>\n\n\n\n<li>Kvaliteetsed tooted<\/li>\n\n\n\n<li>Kasutajas\u00f5bralik ostukogemus<\/li>\n\n\n\n<li>Turvalised makseviisid<\/li>\n\n\n\n<li>Personaalne klienditugi<\/li>\n<\/ul>\n\n\n\n<div class=\"wp-block-buttons is-layout-flex wp-container-core-buttons-is-layout-12dcd427 wp-block-buttons-is-layout-flex\" style=\"margin-top:var(--wp--preset--spacing--40)\">\n<div class=\"wp-block-button\"><a class=\"wp-block-button__link wp-element-button\" href=\"https:\/\/pood.suksutall.ee\/ru\/pood\/\">Teenuste valik<\/a><\/div>\n<\/div>\n<\/div>\n<\/div><figure class=\"wp-block-media-text__media\"><img loading=\"lazy\" decoding=\"async\" width=\"512\" height=\"512\" src=\"https:\/\/pood.suksutall.ee\/wp-content\/uploads\/2025\/03\/cropped-Suksutall-pood.png\" alt=\"\" class=\"wp-image-90 size-full\" srcset=\"https:\/\/pood.suksutall.ee\/wp-content\/uploads\/2025\/03\/cropped-Suksutall-pood.png 512w, https:\/\/pood.suksutall.ee\/wp-content\/uploads\/2025\/03\/cropped-Suksutall-pood-300x300.png 300w, https:\/\/pood.suksutall.ee\/wp-content\/uploads\/2025\/03\/cropped-Suksutall-pood-150x150.png 150w, https:\/\/pood.suksutall.ee\/wp-content\/uploads\/2025\/03\/cropped-Suksutall-pood-100x100.png 100w, https:\/\/pood.suksutall.ee\/wp-content\/uploads\/2025\/03\/cropped-Suksutall-pood-270x270.png 270w, https:\/\/pood.suksutall.ee\/wp-content\/uploads\/2025\/03\/cropped-Suksutall-pood-192x192.png 192w, https:\/\/pood.suksutall.ee\/wp-content\/uploads\/2025\/03\/cropped-Suksutall-pood-180x180.png 180w, https:\/\/pood.suksutall.ee\/wp-content\/uploads\/2025\/03\/cropped-Suksutall-pood-32x32.png 32w\" sizes=\"auto, (max-width: 512px) 100vw, 512px\" \/><\/figure><\/div>\n\n\n\n<p><\/p>\n<\/div>\n\n\n\n<div class=\"wp-block-group alignfull has-background-background-color has-background has-global-padding is-layout-constrained wp-container-core-group-is-layout-fb85e995 wp-block-group-is-layout-constrained\" style=\"margin-top:0;margin-bottom:0;padding-top:var(--wp--preset--spacing--60);padding-right:var(--wp--preset--spacing--30);padding-bottom:var(--wp--preset--spacing--60);padding-left:var(--wp--preset--spacing--30)\">\n<div class=\"wp-block-group alignwide has-tertiary-background-color has-background has-global-padding is-layout-constrained wp-container-core-group-is-layout-68aaa552 wp-block-group-is-layout-constrained\" style=\"border-radius:1.5rem;padding-top:var(--wp--preset--spacing--40);padding-right:var(--wp--preset--spacing--40);padding-bottom:var(--wp--preset--spacing--50);padding-left:var(--wp--preset--spacing--40)\">\n<h1 class=\"wp-block-heading has-text-align-center\" style=\"margin-top:12px;font-size:clamp(14px, 0.875rem + ((1vw - 3.2px) * 0.313), 18px);font-style:normal;font-weight:500\"><strong>MAKSEVIISID<\/strong><\/h1>\n\n\n\n<div class=\"wp-block-group alignwide is-horizontal is-content-justification-left is-nowrap is-layout-flex wp-container-core-group-is-layout-0d991470 wp-block-group-is-layout-flex\">\n<figure class=\"wp-block-image aligncenter size-large wp-container-content-1387b69e wp-duotone-unset-1\"><img loading=\"lazy\" decoding=\"async\" width=\"144\" height=\"32\" src=\"https:\/\/pood.suksutall.ee\/wp-content\/uploads\/2025\/04\/swedbank.svg\" alt=\"\" class=\"wp-image-249\"\/><\/figure>\n\n\n\n<figure class=\"wp-block-image aligncenter size-large wp-container-content-1387b69e wp-duotone-primary-foreground\"><img loading=\"lazy\" decoding=\"async\" width=\"57\" height=\"32\" src=\"https:\/\/pood.suksutall.ee\/wp-content\/uploads\/2025\/04\/seb.svg\" alt=\"\" class=\"wp-image-250\"\/><\/figure>\n\n\n\n<figure class=\"wp-block-image aligncenter size-large wp-container-content-1387b69e wp-duotone-unset-2\"><img loading=\"lazy\" decoding=\"async\" width=\"103\" height=\"32\" src=\"https:\/\/pood.suksutall.ee\/wp-content\/uploads\/2025\/04\/coop.svg\" alt=\"\" class=\"wp-image-253\"\/><\/figure>\n\n\n\n<figure class=\"wp-block-image size-large wp-container-content-1387b69e wp-duotone-primary-foreground\"><img loading=\"lazy\" decoding=\"async\" width=\"47\" height=\"32\" src=\"https:\/\/pood.suksutall.ee\/wp-content\/uploads\/2025\/04\/lhv.svg\" alt=\"\" class=\"wp-image-252\"\/><\/figure>\n\n\n\n<figure class=\"wp-block-image aligncenter size-large wp-container-content-1387b69e wp-duotone-unset-3\"><img loading=\"lazy\" decoding=\"async\" width=\"64\" height=\"32\" src=\"https:\/\/pood.suksutall.ee\/wp-content\/uploads\/2025\/04\/citadele.svg\" alt=\"\" class=\"wp-image-254\"\/><\/figure>\n\n\n\n<figure class=\"wp-block-image aligncenter size-large wp-container-content-1387b69e wp-duotone-unset-4\"><img loading=\"lazy\" decoding=\"async\" width=\"93\" height=\"32\" src=\"https:\/\/pood.suksutall.ee\/wp-content\/uploads\/2025\/04\/luminor.svg\" alt=\"\" class=\"wp-image-251\"\/><\/figure>\n<\/div>\n<\/div>\n<\/div>","protected":false},"excerpt":{"rendered":"<p>Tutvu meie missiooni ja visiooniga, mis viivad sind parema tulevikuni. Meie pood hoolib oma klientidest ning pingutab selle nimel, et pakkuda mugavat ja usaldusv\u00e4\u00e4rset ostu- ja broneerimiskeskkonda meie teenuste kasutamiseks. Peame oluliseks j\u00e4rgida kehtivaid seadusi, arvestada klientide soove ning pakkuda meeldivat ja turvalist kogemust igale k\u00fclastajale. E-poe tingimused Tehke t\u00e4na esimene samm oma unistuste ellu [&hellip;]<\/p>\n","protected":false},"author":1,"featured_media":0,"parent":0,"menu_order":0,"comment_status":"closed","ping_status":"closed","template":"no-title","meta":{"om_disable_all_campaigns":false,"inline_featured_image":false,"_monsterinsights_skip_tracking":false,"_monsterinsights_sitenote_active":false,"_monsterinsights_sitenote_note":"","_monsterinsights_sitenote_category":0,"_uf_show_specific_survey":0,"_uf_disable_surveys":false,"footnotes":""},"class_list":["post-245","page","type-page","status-publish","hentry"],"aioseo_notices":[],"_links":{"self":[{"href":"https:\/\/pood.suksutall.ee\/ru\/wp-json\/wp\/v2\/pages\/245","targetHints":{"allow":["GET"]}}],"collection":[{"href":"https:\/\/pood.suksutall.ee\/ru\/wp-json\/wp\/v2\/pages"}],"about":[{"href":"https:\/\/pood.suksutall.ee\/ru\/wp-json\/wp\/v2\/types\/page"}],"author":[{"embeddable":true,"href":"https:\/\/pood.suksutall.ee\/ru\/wp-json\/wp\/v2\/users\/1"}],"replies":[{"embeddable":true,"href":"https:\/\/pood.suksutall.ee\/ru\/wp-json\/wp\/v2\/comments?post=245"}],"version-history":[{"count":8,"href":"https:\/\/pood.suksutall.ee\/ru\/wp-json\/wp\/v2\/pages\/245\/revisions"}],"predecessor-version":[{"id":685,"href":"https:\/\/pood.suksutall.ee\/ru\/wp-json\/wp\/v2\/pages\/245\/revisions\/685"}],"wp:attachment":[{"href":"https:\/\/pood.suksutall.ee\/ru\/wp-json\/wp\/v2\/media?parent=245"}],"curies":[{"name":"wp","href":"https:\/\/api.w.org\/{rel}","templated":true}]}}